{"id":2622,"date":"2022-08-22T17:23:54","date_gmt":"2022-08-22T15:23:54","guid":{"rendered":"https:\/\/www.zigfred.ch\/?page_id=2622"},"modified":"2025-01-23T09:44:18","modified_gmt":"2025-01-23T08:44:18","slug":"planung-installation","status":"publish","type":"page","link":"https:\/\/www.zigfred.ch\/it\/planung-installation\/","title":{"rendered":"Pianificazione e installazione"},"content":{"rendered":"<nav>\r\n<ul>\r\n<li tabindex=\"0\" data-index=\"0\">\r\n<h4><a tabindex=\"-1\">Per clienti finali e committenti <\/a><\/h4>\r\n<\/li>\r\n<li tabindex=\"0\" data-index=\"1\">\r\n<h4><a tabindex=\"-1\">Per elettricisti e professionisti del settore edile <\/a><\/h4>\r\n<\/li>\r\n<li tabindex=\"0\" data-index=\"2\">\r\n<h4><a tabindex=\"-1\">Per nerd e appassionati di tecnologia <\/a><\/h4>\r\n<\/li>\r\n<\/ul>\r\n<\/nav>\r\n<h4>Per clienti finali e committenti<\/h4>\r\n<div class=\"fl-builder-content fl-builder-content-3233 fl-builder-template fl-builder-row-template fl-builder-global-templates-locked\" data-post-id=\"3233\"><div class=\"fl-row fl-row-fixed-width fl-row-bg-none fl-node-8qbl2hnyx16z fl-row-default-height fl-row-align-center\" data-node=\"8qbl2hnyx16z\">\n\t<div class=\"fl-row-content-wrap\">\n\t\t<div class=\"uabb-row-separator uabb-top-row-separator\" >\n<\/div>\n\t\t\t\t\t\t<div class=\"fl-row-content fl-row-fixed-width fl-node-content\">\n\t\t\n<div class=\"fl-col-group fl-node-2wn4s51mve70\" data-node=\"2wn4s51mve70\">\n\t\t\t<div class=\"fl-col fl-node-0pls91ye6ut3 fl-col-bg-color fl-col-small\" data-node=\"0pls91ye6ut3\">\n\t<div class=\"fl-col-content fl-node-content\"><div class=\"fl-module fl-module-rich-text fl-node-dft3kw8rg5zm\" data-node=\"dft3kw8rg5zm\">\n\t<div class=\"fl-module-content fl-node-content\">\n\t\t<div class=\"fl-rich-text\">\n\t<p>Stai progettando la tua nuova casa smart o ristrutturata, ma vuoi affidare a un professionista la scelta dettagliata, la pianificazione e la configurazione dei tuoi prodotti?<\/p>\n<\/div>\n\t<\/div>\n<\/div>\n<div class=\"fl-module fl-module-info-box fl-node-idthur1nalok\" data-node=\"idthur1nalok\">\n\t<div class=\"fl-module-content fl-node-content\">\n\t\t<div class=\"uabb-module-content uabb-infobox infobox-left\">\n\t<div class=\"uabb-infobox-left-right-wrap\">\n\t<div class=\"uabb-infobox-content\">\n\t\t\t<div class='uabb-infobox-title-wrap'><h3 class=\"uabb-infobox-title\">Pianificazione e configurazione competenti<\/h3><\/div>\t\t\t<div class=\"uabb-infobox-text-wrap\">\n\t\t\t\t<div class=\"uabb-infobox-text uabb-text-editor\"><p>Comprendiamo che non si pu\u00f2 sempre fare il MacGyver sul proprio cantiere. Saremo felici di progettare per te la smart home che ti si adatta perfettamente.<\/p>\n<ul>\n<li>Concetto e pianificazione (es. selezione degli elementi di controllo, attuatori, sensori)<\/li>\n<li>Configurazione e integrazione (illuminazione, tapparelle, porta del garage, wallbox, ecc.)<\/li>\n<li>Automazioni (es. controllo tapparelle, gestione ventilazione)<\/li>\n<li>Telecomando e manutenzione remota<\/li>\n<li>Interface su misura (es. tablet, display)<\/li>\n<\/ul>\n<p>Nella Svizzera tedesca, il nostro team discute le tue idee con te e crea cos\u00ec una pianificazione personalizzata. Successivamente installiamo noi o il tuo elettricista i prodotti a casa tua e configuriamo tutto secondo le tue preferenze.<\/p>\n<\/div>\t\t\t<\/div>\n\t\t\t\t\t\t<\/div>\t<\/div>\n<\/div>\n\t<\/div>\n<\/div>\n<div class=\"fl-module fl-module-info-box fl-node-i01g7c9v5oqy\" data-node=\"i01g7c9v5oqy\">\n\t<div class=\"fl-module-content fl-node-content\">\n\t\t<div class=\"uabb-module-content uabb-infobox infobox-left\">\n\t<div class=\"uabb-infobox-left-right-wrap\">\n\t<div class=\"uabb-infobox-content\">\n\t\t\t<div class='uabb-infobox-title-wrap'><h3 class=\"uabb-infobox-title\">Inquilino? Nessun problema!<\/h3><\/div>\t\t\t<div class=\"uabb-infobox-text-wrap\">\n\t\t\t\t<div class=\"uabb-infobox-text uabb-text-editor\"><p>Poich\u00e9 possiamo scegliere liberamente i nostri componenti tra numerosi produttori, possiamo anche creare per te una smart home con componenti adatti agli inquilini. Questi non richiedono alcuna modifica dell\u2019installazione o lo stato originale pu\u00f2 essere facilmente ripristinato. In questo modo non \u00e8 necessario ottenere il permesso del tuo locatore. Se necessario, ripristiniamo volentieri il tuo immobile allo stato originale al momento del trasloco.<\/p>\n<\/div>\t\t\t<\/div>\n\t\t\t\t\t\t<\/div>\t<\/div>\n<\/div>\n\t<\/div>\n<\/div>\n<div class=\"fl-module fl-module-info-box fl-node-ovt3gawesnp2\" data-node=\"ovt3gawesnp2\">\n\t<div class=\"fl-module-content fl-node-content\">\n\t\t<div class=\"uabb-module-content uabb-infobox infobox-left\">\n\t<div class=\"uabb-infobox-left-right-wrap\">\n\t<div class=\"uabb-infobox-content\">\n\t\t\t<div class='uabb-infobox-title-wrap'><h3 class=\"uabb-infobox-title\">Manutenzione e supporto affidabili<\/h3><\/div>\t\t\t<div class=\"uabb-infobox-text-wrap\">\n\t\t\t\t<div class=\"uabb-infobox-text uabb-text-editor\"><p>Una smart home, come ogni sistema IT, richiede un po\u2019 di manutenzione: eseguiamo volentieri aggiornamenti e modifiche per te, tramite abbonamento o su richiesta. In caso di problemi, interveniamo rapidamente e, se desideri, possiamo aiutarti anche da remoto.<\/p>\n<\/div>\t\t\t<\/div>\n\t\t\t\t\t\t<\/div>\t<\/div>\n<\/div>\n\t<\/div>\n<\/div>\n<div class=\"fl-module fl-module-info-box fl-node-79p8fegcht2m\" data-node=\"79p8fegcht2m\">\n\t<div class=\"fl-module-content fl-node-content\">\n\t\t<div class=\"uabb-module-content uabb-infobox infobox-left\">\n\t<div class=\"uabb-infobox-left-right-wrap\">\n\t<div class=\"uabb-infobox-content\">\n\t\t\t<div class='uabb-infobox-title-wrap'><h3 class=\"uabb-infobox-title\">Controllo dei costi<\/h3><\/div>\t\t\t<div class=\"uabb-infobox-text-wrap\">\n\t\t\t\t<div class=\"uabb-infobox-text uabb-text-editor\"><p>Sorpreso dal preventivo del tuo elettricista? Non devi rinunciare alla smart home! Realizziamo la tua smart home con una combinazione armoniosa di componenti disponibili liberamente sul mercato provenienti da diversi produttori, accuratamente verificati per qualit\u00e0, funzionalit\u00e0 e affidabilit\u00e0. In questo modo possiamo offrirti un sistema fino al 75% pi\u00f9 economico rispetto ai sistemi completi di un singolo produttore. Un altro vantaggio: in futuro non sarai vincolato a un determinato produttore.<\/p>\n<\/div>\t\t\t<\/div>\n\t\t\t\t\t\t<\/div>\t<\/div>\n<\/div>\n\t<\/div>\n<\/div>\n<div class=\"fl-module fl-module-info-box fl-node-r3abstkfgem5\" data-node=\"r3abstkfgem5\">\n\t<div class=\"fl-module-content fl-node-content\">\n\t\t<div class=\"uabb-module-content uabb-infobox infobox-left\">\n\t<div class=\"uabb-infobox-left-right-wrap\">\n\t<div class=\"uabb-infobox-content\">\n\t\t\t<div class='uabb-infobox-title-wrap'><h3 class=\"uabb-infobox-title\">Si parte<\/h3><\/div>\t\t\t<div class=\"uabb-infobox-text-wrap\">\n\t\t\t\t<div class=\"uabb-infobox-text uabb-text-editor\"><p class=\"translation-block\">Il nostro team \u00e8 lieto di ricevere il tuo contatto a <a href=\"mailto:planung@zigfred.ch\" target=\"_self\">planung@zigfred.ch\n<\/a>.<\/p>\n<\/div>\t\t\t<\/div>\n\t\t\t\t\t\t<\/div>\t<\/div>\n<\/div>\n\t<\/div>\n<\/div>\n<\/div>\n<\/div>\n\t\t\t<div class=\"fl-col fl-node-6bwra81epuyx fl-col-bg-color fl-col-small\" data-node=\"6bwra81epuyx\">\n\t<div class=\"fl-col-content fl-node-content\"><div class=\"fl-module fl-module-uabb-photo fl-node-cs9qyxj51wro\" data-node=\"cs9qyxj51wro\">\n\t<div class=\"fl-module-content fl-node-content\">\n\t\t<div class=\"uabb-module-content uabb-photouabb-photo-align-center uabb-photo-mob-align-center\" itemscope itemtype=\"https:\/\/schema.org\/ImageObject\">\n\t<div class=\"uabb-photo-content\">\n\n\t\t\t\t<img decoding=\"async\" class=\"uabb-photo-img wp-image-1906\" src=\"https:\/\/www.zigfred.ch\/wp-content\/uploads\/bb-plugin\/cache\/ZIG_WEB_Mood_T_03_211021-1536x904-square.jpg\" alt=\"ZIG_WEB_Mood_T_03_211021\" title=\"ZIG_WEB_Mood_T_03_211021\" itemprop=\"image\"  \/>\n\n\t\t\t\t\t<\/div>\n\t<\/div>\n\t<\/div>\n<\/div>\n<\/div>\n<\/div>\n\t<\/div>\n\t\t<\/div>\n\t<\/div>\n<\/div>\n<\/div><div class=\"uabb-js-breakpoint\" style=\"display: none;\"><\/div>\r\n<h4>Per elettricisti e professionisti del settore edile<\/h4>\r\n<div class=\"fl-builder-content fl-builder-content-3238 fl-builder-template fl-builder-row-template fl-builder-global-templates-locked\" data-post-id=\"3238\"><div class=\"fl-row fl-row-fixed-width fl-row-bg-none fl-node-fbjkpgaq2c5o fl-row-default-height fl-row-align-center\" data-node=\"fbjkpgaq2c5o\">\n\t<div class=\"fl-row-content-wrap\">\n\t\t<div class=\"uabb-row-separator uabb-top-row-separator\" >\n<\/div>\n\t\t\t\t\t\t<div class=\"fl-row-content fl-row-fixed-width fl-node-content\">\n\t\t\n<div class=\"fl-col-group fl-node-e5gozqukbmxj\" data-node=\"e5gozqukbmxj\">\n\t\t\t<div class=\"fl-col fl-node-6gvz5nf4lrju fl-col-bg-color fl-col-small\" data-node=\"6gvz5nf4lrju\">\n\t<div class=\"fl-col-content fl-node-content\"><div class=\"fl-module fl-module-rich-text fl-node-3c0r8gitd9nj\" data-node=\"3c0r8gitd9nj\">\n\t<div class=\"fl-module-content fl-node-content\">\n\t\t<div class=\"fl-rich-text\">\n\t<p>Il nostro team \u00e8 lieto di ricevere il tuo messaggio a <a href=\"mailto:planung@zigfred.ch\" target=\"_self\">planung@zigfred.ch\n<\/a>.<\/p>\n<\/div>\n\t<\/div>\n<\/div>\n<div class=\"fl-module fl-module-info-box fl-node-qv5304wbp7ts\" data-node=\"qv5304wbp7ts\">\n\t<div class=\"fl-module-content fl-node-content\">\n\t\t<div class=\"uabb-module-content uabb-infobox infobox-left\">\n\t<div class=\"uabb-infobox-left-right-wrap\">\n\t<div class=\"uabb-infobox-content\">\n\t\t\t<div class='uabb-infobox-title-wrap'><h3 class=\"uabb-infobox-title\">Pianificazione e configurazione competenti<\/h3><\/div>\t\t\t<div class=\"uabb-infobox-text-wrap\">\n\t\t\t\t<div class=\"uabb-infobox-text uabb-text-editor\"><p>Siamo felici di supportarti nella pianificazione e configurazione ottimale di zigfred per i tuoi clienti. Non importa se gli altri componenti sono forniti da noi e quale gateway (compatibile) viene utilizzato.<\/p>\n<\/div>\t\t\t<\/div>\n\t\t\t\t\t\t<\/div>\t<\/div>\n<\/div>\n\t<\/div>\n<\/div>\n<div class=\"fl-module fl-module-separator fl-node-etpm2n0h3rfs\" data-node=\"etpm2n0h3rfs\">\n\t<div class=\"fl-module-content fl-node-content\">\n\t\t<div class=\"fl-separator\"><\/div>\n\t<\/div>\n<\/div>\n<div class=\"fl-module fl-module-rich-text fl-node-phvtq6x2j980\" data-node=\"phvtq6x2j980\">\n\t<div class=\"fl-module-content fl-node-content\">\n\t\t<div class=\"fl-rich-text\">\n\t<p>I tuoi clienti vogliono installare una soluzione smart home a casa loro, ma sono scoraggiati dai costi dei sistemi convenzionali come KNX, Loxone, ecc.?<\/p>\n<\/div>\n\t<\/div>\n<\/div>\n<div class=\"fl-module fl-module-info-box fl-node-j2ufbm5shy8o\" data-node=\"j2ufbm5shy8o\">\n\t<div class=\"fl-module-content fl-node-content\">\n\t\t<div class=\"uabb-module-content uabb-infobox infobox-left\">\n\t<div class=\"uabb-infobox-left-right-wrap\">\n\t<div class=\"uabb-infobox-content\">\n\t\t\t<div class='uabb-infobox-title-wrap'><h3 class=\"uabb-infobox-title\">Sistemi completi economici e aperti<\/h3><\/div>\t\t\t<div class=\"uabb-infobox-text-wrap\">\n\t\t\t\t<div class=\"uabb-infobox-text uabb-text-editor\"><p>Offriamo una soluzione completa che rappresenta un giusto equilibrio tra funzionalit\u00e0, costo di acquisto e impegno di installazione.<\/p>\n<p>Saremo lieti di convincerti prima della qualit\u00e0 dei nostri prodotti e della nostra filosofia. Successivamente, ti supportiamo nella pianificazione e nella realizzazione della soluzione ottimale per il tuo cliente.<\/p>\n<ul>\n<li>Concetto e pianificazione (es. selezione degli elementi di controllo, attuatori, sensori)<\/li>\n<li>Configurazione e integrazione (illuminazione, tapparelle, porta del garage, wallbox, ecc.)<\/li>\n<li>Automazioni (es. controllo tapparelle, gestione ventilazione)<\/li>\n<li>Telecomando e manutenzione remota<\/li>\n<li>Interface su misura (es. tablet, display)<\/li>\n<\/ul>\n<p>Per manutenzione, aggiornamenti, modifiche di configurazione e casi di supporto, siamo al tuo fianco o li gestiamo per te su richiesta.<\/p>\n<\/div>\t\t\t<\/div>\n\t\t\t\t\t\t<\/div>\t<\/div>\n<\/div>\n\t<\/div>\n<\/div>\n<div class=\"fl-module fl-module-separator fl-node-x2o61hwgijyk\" data-node=\"x2o61hwgijyk\">\n\t<div class=\"fl-module-content fl-node-content\">\n\t\t<div class=\"fl-separator\"><\/div>\n\t<\/div>\n<\/div>\n<div class=\"fl-module fl-module-info-box fl-node-qus5fowpeb4j\" data-node=\"qus5fowpeb4j\">\n\t<div class=\"fl-module-content fl-node-content\">\n\t\t<div class=\"uabb-module-content uabb-infobox infobox-left\">\n\t<div class=\"uabb-infobox-left-right-wrap\">\n\t<div class=\"uabb-infobox-content\">\n\t\t\t<div class='uabb-infobox-title-wrap'><h3 class=\"uabb-infobox-title\">Si parte<\/h3><\/div>\t\t\t<div class=\"uabb-infobox-text-wrap\">\n\t\t\t\t<div class=\"uabb-infobox-text uabb-text-editor\"><p class=\"translation-block\">Nella Svizzera tedesca, il nostro team sar\u00e0 lieto di creare una pianificazione personalizzata per te. Non vediamo l\u2019ora di ricevere il tuo contatto a <a href=\"mailto:planung@zigfred.ch\" target=\"_self\">planung@zigfred.ch\n<\/a>.<\/p>\n<\/div>\t\t\t<\/div>\n\t\t\t\t\t\t<\/div>\t<\/div>\n<\/div>\n\t<\/div>\n<\/div>\n<\/div>\n<\/div>\n\t\t\t<div class=\"fl-col fl-node-fog3ue0p2hsi fl-col-bg-color fl-col-small\" data-node=\"fog3ue0p2hsi\">\n\t<div class=\"fl-col-content fl-node-content\"><div class=\"fl-module fl-module-uabb-photo fl-node-y82ejpwk5nis\" data-node=\"y82ejpwk5nis\">\n\t<div class=\"fl-module-content fl-node-content\">\n\t\t<div class=\"uabb-module-content uabb-photouabb-photo-align-center uabb-photo-mob-align-center\" itemscope itemtype=\"https:\/\/schema.org\/ImageObject\">\n\t<div class=\"uabb-photo-content\">\n\n\t\t\t\t<img decoding=\"async\" class=\"uabb-photo-img wp-image-2635\" src=\"https:\/\/www.zigfred.ch\/wp-content\/uploads\/bb-plugin\/cache\/referenz-square.jpg\" alt=\"referenz\" title=\"referenz\" itemprop=\"image\"  \/>\n\n\t\t\t\t\t<\/div>\n\t<\/div>\n\t<\/div>\n<\/div>\n<\/div>\n<\/div>\n\t<\/div>\n\t\t<\/div>\n\t<\/div>\n<\/div>\n<\/div><div class=\"uabb-js-breakpoint\" style=\"display: none;\"><\/div>\r\n<h4>Per nerd e appassionati di tecnologia<\/h4>\r\n<div class=\"fl-builder-content fl-builder-content-3242 fl-builder-template fl-builder-row-template fl-builder-global-templates-locked\" data-post-id=\"3242\"><div class=\"fl-row fl-row-fixed-width fl-row-bg-none fl-node-vh9fkbrjwyc8 fl-row-default-height fl-row-align-center\" data-node=\"vh9fkbrjwyc8\">\n\t<div class=\"fl-row-content-wrap\">\n\t\t<div class=\"uabb-row-separator uabb-top-row-separator\" >\n<\/div>\n\t\t\t\t\t\t<div class=\"fl-row-content fl-row-fixed-width fl-node-content\">\n\t\t\n<div class=\"fl-col-group fl-node-jer9nmfwi36z\" data-node=\"jer9nmfwi36z\">\n\t\t\t<div class=\"fl-col fl-node-wycqderk9b8l fl-col-bg-color fl-col-small\" data-node=\"wycqderk9b8l\">\n\t<div class=\"fl-col-content fl-node-content\"><div class=\"fl-module fl-module-rich-text fl-node-aq0j97fztky6\" data-node=\"aq0j97fztky6\">\n\t<div class=\"fl-module-content fl-node-content\">\n\t\t<div class=\"fl-rich-text\">\n\t<p>Sei appassionato di tecnologia o hai gi\u00e0 esperienza con sistemi smart home? La privacy, la sicurezza futura e un sistema aperto senza \"vendor lock-in\" sono importanti per te?<\/p>\n<\/div>\n\t<\/div>\n<\/div>\n<div class=\"fl-module fl-module-info-box fl-node-cnadft9yw0gb\" data-node=\"cnadft9yw0gb\">\n\t<div class=\"fl-module-content fl-node-content\">\n\t\t<div class=\"uabb-module-content uabb-infobox infobox-left\">\n\t<div class=\"uabb-infobox-left-right-wrap\">\n\t<div class=\"uabb-infobox-content\">\n\t\t\t<div class='uabb-infobox-title-wrap'><h3 class=\"uabb-infobox-title\">Un sistema aperto basato su Open Source<\/h3><\/div>\t\t\t<div class=\"uabb-infobox-text-wrap\">\n\t\t\t\t<div class=\"uabb-infobox-text uabb-text-editor\"><p class=\"translation-block\">Come centrale per i nostri sistemi smart home, utilizziamo <a href=\"https:\/\/www.home-assistant.io\/\" target=\"_self\">Home Assistant<\/a>. Home Assistant \u00e8 un software open-source potente per il controllo centrale e l\u2019automazione della tua smart home. Permette l\u2019integrazione e il controllo senza soluzione di continuit\u00e0 di una vasta gamma di dispositivi di diversi produttori tramite un\u2019interfaccia user-friendly. Vuoi usare nodi Zigbee, WiFi e Bluetooth? Nessun problema.<\/p>\n<\/div>\t\t\t<\/div>\n\t\t\t\t\t\t<\/div>\t<\/div>\n<\/div>\n\t<\/div>\n<\/div>\n<div class=\"fl-module fl-module-info-box fl-node-j0tg2xhcsy9e\" data-node=\"j0tg2xhcsy9e\">\n\t<div class=\"fl-module-content fl-node-content\">\n\t\t<div class=\"uabb-module-content uabb-infobox infobox-left\">\n\t<div class=\"uabb-infobox-left-right-wrap\">\n\t<div class=\"uabb-infobox-content\">\n\t\t\t<div class='uabb-infobox-title-wrap'><h3 class=\"uabb-infobox-title\">Privacy e libert\u00e0 di scelta<\/h3><\/div>\t\t\t<div class=\"uabb-infobox-text-wrap\">\n\t\t\t\t<div class=\"uabb-infobox-text uabb-text-editor\"><p>Grazie all\u2019elaborazione locale dei dati, Home Assistant offre la massima sicurezza e privacy, mentre le potenti funzioni di automazione rendono la tua quotidianit\u00e0 pi\u00f9 comoda ed efficiente. Il tutto senza obbligo di cloud o abbonamento. Se desideri, puoi comunque integrare tutti i servizi cloud commerciali e utilizzare, ad esempio, i loro assistenti vocali.<\/p>\n<\/div>\t\t\t<\/div>\n\t\t\t\t\t\t<\/div>\t<\/div>\n<\/div>\n\t<\/div>\n<\/div>\n<div class=\"fl-module fl-module-info-box fl-node-ich7slqo1k3z\" data-node=\"ich7slqo1k3z\">\n\t<div class=\"fl-module-content fl-node-content\">\n\t\t<div class=\"uabb-module-content uabb-infobox infobox-left\">\n\t<div class=\"uabb-infobox-left-right-wrap\">\n\t<div class=\"uabb-infobox-content\">\n\t\t\t<div class='uabb-infobox-title-wrap'><h3 class=\"uabb-infobox-title\">Pianificazione e configurazione competenti<\/h3><\/div>\t\t\t<div class=\"uabb-infobox-text-wrap\">\n\t\t\t\t<div class=\"uabb-infobox-text uabb-text-editor\"><p>Anche come appassionato di tecnologia, durante una fase di costruzione non si ha sempre abbastanza tempo per fare tutto da soli. Con piacere condividiamo la nostra esperienza con te e ti supportiamo nella progettazione della tua smart home perfetta. Non ci tiriamo indietro di fronte a richieste particolari e realizziamo volentieri soluzioni personalizzate per te, sia in software che in hardware.<\/p>\n<ul>\n<li>Concetto e pianificazione (es. selezione degli elementi di controllo, attuatori, sensori)<\/li>\n<li>Configurazione e integrazione (illuminazione, tapparelle, porta del garage, wallbox, ecc.)<\/li>\n<li>Automazioni (es. controllo tapparelle, gestione ventilazione)<\/li>\n<li>Telecomando e manutenzione remota<\/li>\n<li>Interface su misura (es. tablet, display)<\/li>\n<li>Componenti software e hardware personalizzati<\/li>\n<\/ul>\n<p>Nella Svizzera tedesca, il nostro team discute le tue idee con te e crea cos\u00ec una pianificazione personalizzata. Ci occupiamo volentieri dell\u2019acquisto e dell\u2019installazione dei tuoi prodotti a casa tua e configuriamo tutto secondo le tue preferenze. Naturalmente, collaboriamo volentieri con il tuo elettricista se necessario.<\/p>\n<\/div>\t\t\t<\/div>\n\t\t\t\t\t\t<\/div>\t<\/div>\n<\/div>\n\t<\/div>\n<\/div>\n<div class=\"fl-module fl-module-info-box fl-node-25hvmxroa6jz\" data-node=\"25hvmxroa6jz\">\n\t<div class=\"fl-module-content fl-node-content\">\n\t\t<div class=\"uabb-module-content uabb-infobox infobox-left\">\n\t<div class=\"uabb-infobox-left-right-wrap\">\n\t<div class=\"uabb-infobox-content\">\n\t\t\t<div class='uabb-infobox-title-wrap'><h3 class=\"uabb-infobox-title\">Si parte<\/h3><\/div>\t\t\t<div class=\"uabb-infobox-text-wrap\">\n\t\t\t\t<div class=\"uabb-infobox-text uabb-text-editor\"><p class=\"translation-block\">Il nostro team \u00e8 lieto di ricevere il tuo contatto a <a href=\"mailto:planung@zigfred.ch\" target=\"_self\">planung@zigfred.ch\n<\/a>.<\/p>\n<\/div>\t\t\t<\/div>\n\t\t\t\t\t\t<\/div>\t<\/div>\n<\/div>\n\t<\/div>\n<\/div>\n<\/div>\n<\/div>\n\t\t\t<div class=\"fl-col fl-node-su9y0mgj5fcz fl-col-bg-color fl-col-small\" data-node=\"su9y0mgj5fcz\">\n\t<div class=\"fl-col-content fl-node-content\"><div class=\"fl-module fl-module-uabb-photo fl-node-oh9qpuy38ed6\" data-node=\"oh9qpuy38ed6\">\n\t<div class=\"fl-module-content fl-node-content\">\n\t\t<div class=\"uabb-module-content uabb-photouabb-photo-align-center uabb-photo-mob-align-center\" itemscope itemtype=\"https:\/\/schema.org\/ImageObject\">\n\t<div class=\"uabb-photo-content\">\n\n\t\t\t\t<img decoding=\"async\" width=\"1536\" height=\"217\" class=\"uabb-photo-img wp-image-3245\" src=\"http:\/\/zigfred.ch\/wp-content\/uploads\/2025\/01\/home-assistant-wordmark-color-on-light-1536x217.png\" alt=\"home-assistant-wordmark-color-on-light\" title=\"home-assistant-wordmark-color-on-light\" itemprop=\"image\" srcset=\"https:\/\/www.zigfred.ch\/wp-content\/uploads\/2025\/01\/home-assistant-wordmark-color-on-light-1536x217.png 1536w, https:\/\/www.zigfred.ch\/wp-content\/uploads\/2025\/01\/home-assistant-wordmark-color-on-light-300x42.png 300w, https:\/\/www.zigfred.ch\/wp-content\/uploads\/2025\/01\/home-assistant-wordmark-color-on-light-1024x144.png 1024w, https:\/\/www.zigfred.ch\/wp-content\/uploads\/2025\/01\/home-assistant-wordmark-color-on-light-768x108.png 768w, https:\/\/www.zigfred.ch\/wp-content\/uploads\/2025\/01\/home-assistant-wordmark-color-on-light-2048x289.png 2048w, https:\/\/www.zigfred.ch\/wp-content\/uploads\/2025\/01\/home-assistant-wordmark-color-on-light-18x3.png 18w, https:\/\/www.zigfred.ch\/wp-content\/uploads\/2025\/01\/home-assistant-wordmark-color-on-light-600x85.png 600w\" sizes=\"(max-width: 1536px) 100vw, 1536px\" \/>\n\n\t\t\t\t\t<\/div>\n\t<\/div>\n\t<\/div>\n<\/div>\n<div class=\"fl-module fl-module-uabb-photo fl-node-wbj49veayt2h\" data-node=\"wbj49veayt2h\">\n\t<div class=\"fl-module-content fl-node-content\">\n\t\t<div class=\"uabb-module-content uabb-photouabb-photo-align-center uabb-photo-mob-align-center\" itemscope itemtype=\"https:\/\/schema.org\/ImageObject\">\n\t<div class=\"uabb-photo-content\">\n\n\t\t\t\t<img decoding=\"async\" class=\"uabb-photo-img wp-image-1905\" src=\"https:\/\/www.zigfred.ch\/wp-content\/uploads\/bb-plugin\/cache\/ZIG_WEB_Mood_T_02_211021-scaled-square.jpg\" alt=\"ZIG_WEB_Mood_T_02_211021\" title=\"ZIG_WEB_Mood_T_02_211021\" itemprop=\"image\"  \/>\n\n\t\t\t\t\t<\/div>\n\t<\/div>\n\t<\/div>\n<\/div>\n<\/div>\n<\/div>\n\t<\/div>\n\t\t<\/div>\n\t<\/div>\n<\/div>\n<\/div><div class=\"uabb-js-breakpoint\" style=\"display: none;\"><\/div>\r\n<!-- \/content --><!-- \/tabs -->","protected":false},"excerpt":{"rendered":"<p>F\u00fcr Endkunden und Bauherren F\u00fcr Elektriker und Baufachpersonen F\u00fcr Nerds und Technikbegeisterte F\u00fcr Endkunden und Bauherren F\u00fcr Elektriker und Baufachpersonen F\u00fcr Nerds und Technikbegeisterte<\/p>","protected":false},"author":4,"featured_media":0,"parent":0,"menu_order":0,"comment_status":"closed","ping_status":"closed","template":"","meta":{"_seopress_robots_primary_cat":"","_seopress_titles_title":"","_seopress_titles_desc":"","_seopress_robots_index":"","site-sidebar-layout":"default","site-content-layout":"","ast-site-content-layout":"default","site-content-style":"default","site-sidebar-style":"default","ast-global-header-display":"","ast-banner-title-visibility":"","ast-main-header-display":"","ast-hfb-above-header-display":"","ast-hfb-below-header-display":"","ast-hfb-mobile-header-display":"","site-post-title":"disabled","ast-breadcrumbs-content":"","ast-featured-img":"","footer-sml-layout":"","ast-disable-related-posts":"","theme-transparent-header-meta":"default","adv-header-id-meta":"","stick-header-meta":"default","header-above-stick-meta":"","header-main-stick-meta":"","header-below-stick-meta":"","astra-migrate-meta-layouts":"set","ast-page-background-enabled":"default","ast-page-background-meta":{"desktop":{"background-color":"","background-image":"","background-repeat":"repeat","background-position":"center center","background-size":"auto","background-attachment":"scroll","background-type":"","background-media":"","overlay-type":"","overlay-color":"","overlay-opacity":"","overlay-gradient":""},"tablet":{"background-color":"","background-image":"","background-repeat":"repeat","background-position":"center center","background-size":"auto","background-attachment":"scroll","background-type":"","background-media":"","overlay-type":"","overlay-color":"","overlay-opacity":"","overlay-gradient":""},"mobile":{"background-color":"","background-image":"","background-repeat":"repeat","background-position":"center center","background-size":"auto","background-attachment":"scroll","background-type":"","background-media":"","overlay-type":"","overlay-color":"","overlay-opacity":"","overlay-gradient":""}},"ast-content-background-meta":{"desktop":{"background-color":"var(--ast-global-color-5)","background-image":"","background-repeat":"repeat","background-position":"center center","background-size":"auto","background-attachment":"scroll","background-type":"","background-media":"","overlay-type":"","overlay-color":"","overlay-opacity":"","overlay-gradient":""},"tablet":{"background-color":"var(--ast-global-color-5)","background-image":"","background-repeat":"repeat","background-position":"center center","background-size":"auto","background-attachment":"scroll","background-type":"","background-media":"","overlay-type":"","overlay-color":"","overlay-opacity":"","overlay-gradient":""},"mobile":{"background-color":"var(--ast-global-color-5)","background-image":"","background-repeat":"repeat","background-position":"center center","background-size":"auto","background-attachment":"scroll","background-type":"","background-media":"","overlay-type":"","overlay-color":"","overlay-opacity":"","overlay-gradient":""}},"footnotes":""},"class_list":["post-2622","page","type-page","status-publish","hentry"],"_links":{"self":[{"href":"https:\/\/www.zigfred.ch\/it\/wp-json\/wp\/v2\/pages\/2622","targetHints":{"allow":["GET"]}}],"collection":[{"href":"https:\/\/www.zigfred.ch\/it\/wp-json\/wp\/v2\/pages"}],"about":[{"href":"https:\/\/www.zigfred.ch\/it\/wp-json\/wp\/v2\/types\/page"}],"author":[{"embeddable":true,"href":"https:\/\/www.zigfred.ch\/it\/wp-json\/wp\/v2\/users\/4"}],"replies":[{"embeddable":true,"href":"https:\/\/www.zigfred.ch\/it\/wp-json\/wp\/v2\/comments?post=2622"}],"version-history":[{"count":3,"href":"https:\/\/www.zigfred.ch\/it\/wp-json\/wp\/v2\/pages\/2622\/revisions"}],"predecessor-version":[{"id":3251,"href":"https:\/\/www.zigfred.ch\/it\/wp-json\/wp\/v2\/pages\/2622\/revisions\/3251"}],"wp:attachment":[{"href":"https:\/\/www.zigfred.ch\/it\/wp-json\/wp\/v2\/media?parent=2622"}],"curies":[{"name":"wp","href":"https:\/\/api.w.org\/{rel}","templated":true}]}}