{"id":1465,"date":"2021-09-26T07:55:58","date_gmt":"2021-09-26T05:55:58","guid":{"rendered":"https:\/\/www.zigfred.ch\/?page_id=1465"},"modified":"2025-04-30T11:54:24","modified_gmt":"2025-04-30T09:54:24","slug":"specs-zigfred-plus","status":"publish","type":"page","link":"https:\/\/www.zigfred.ch\/it\/specs-zigfred-plus\/","title":{"rendered":"Technische Daten &#8211; zigfred plus"},"content":{"rendered":"<h2>\n\t\t<a href=\"https:\/\/www.zigfred.ch\/it\/specs\/\" title=\"zigfred uno\"  target=\"_self\">\n\t\tzigfred <strong>uno<\/strong>\n\t\t<\/a>\n\t<\/h2>\n<h1>\n\t\tzigfred <strong>plus<\/strong>\n\t<\/h1>\n<h2>\n\t\tColori\n\t<\/h2>\n\t\t\t\t<img decoding=\"async\" src=\"https:\/\/zigfred.ch\/wp-content\/uploads\/2021\/01\/zigfred_uno_1_full_purple_led-1024x1024.png\" alt=\"zigfred_uno_1_full_purple_led\" itemprop=\"image\" height=\"1024\" width=\"1024\" title=\"zigfred_uno_1_full_purple_led\" onerror=\"this.style.display='none'\"  \/>\n\t<p>&nbsp;<\/p>\n<p>Disponibile in bianco e nero<br data-v-a72d7d=\"\" \/>Unit\u00e0 di comando in nero disponibile come accessorio nel negozio<\/p>\n\t\t\t\t<img decoding=\"async\" src=\"http:\/\/zigfred.ch\/wp-content\/uploads\/2023\/04\/zigfred_uno_2_half_white_led_in_black.png\" alt=\"zigfred_uno_2_half_white_led_in_black\" itemprop=\"image\" title=\"zigfred_uno_2_half_white_led_in_black\" onerror=\"this.style.display='none'\"  \/>\n<h2>\n\t\tMisure e peso\n\t<\/h2>\n\t\t\t\t<img decoding=\"async\" src=\"https:\/\/zigfred.ch\/wp-content\/uploads\/2021\/01\/zigfred_uno_complete_side-1024x1024.png\" alt=\"zigfred_uno_complete_side\" itemprop=\"image\" height=\"1024\" width=\"1024\" title=\"zigfred_uno_complete_side\" onerror=\"this.style.display='none'\"  \/>\n\t<p>&nbsp;<\/p>\nProfondit\u00e0 d\u2019installazione: 32 mm<br \/>\nPeso: 150 g<br \/>\nAdatto a tutte le prese standard svizzere ed europee pi\u00f9 comuni\n<h2>\n\t\tTecnologia senza fili\n\t<\/h2>\n\t<p>Zigbee PRO 3.0<\/p>\n<p>Bluetooth Low Energy 5.0<\/p>\n<p>Thread (hardware-ready)<\/p>\n<p>Tecnologia NFC<\/p>\n<h2>\n\t\tKompatible Produkte &#038; Systeme\n\t<\/h2>\n\t<p>Basati sulla consueta serie di interruttori svizzeri Feller EDIZIOdue<\/p>\n<p>Configurabile tramite l'app zigfred<\/p>\n<p class=\"translation-block\"><b data-v-a72d7d=\"\">zigfred<\/b> funziona in linea di principio con qualsiasi lampadina, telecomando, sensore o gateway certificato Zigbee. Purtroppo, alcuni gateway sul mercato bloccano prodotti di terzi.<\/p>\n<p class=\"translation-block\"><strong>zigfred<\/strong> \u00e8 collegato in modo <strong>bidirezionale<\/strong> con la rete zigbee. Ci\u00f2 significa che <strong>zigfred<\/strong> pu\u00f2 controllare qualsiasi illuminazione nella rete Zigbee,ma i canali di commutazione di zigfred a loro volta possono essere controllati dal gateway e dai suoi accessori.<\/p>\n<p>Sono ufficialmente supportati:<\/p>\n<p class=\"translation-block\"><b data-v-a72d7d=\"\">Philips Hue:<\/b> App, telecomando*, lampadine, sensori*, gateway*<\/p>\n<p class=\"translation-block\"><b data-v-a72d7d=\"\">IKEA TR\u00c5DFRI:<\/b> Lampadine<\/p>\n<b data-v-a72d7d=\"\">Home Assistant: <\/b>Volle Unterst\u00fctzung**\n<p class=\"translation-block\"><b data-v-a72d7d=\"\">Google Home:<\/b> Controllo vocale, App*<\/p>\n<p class=\"translation-block\"><b data-v-a72d7d=\"\">Amazon Echo:<\/b> Controllo vocale<\/p>\n<b data-v-a72d7d=\"\">Apple HomeKit:<\/b> comando vocale*, app*\n<small data-v-a72d7d=\"\">*\u202f* Richiede un gateway compatibile, ad es. Philips Hue Bridge, Home Assistant. La Philips Hue Bridge supporta solo le lampadine, non le tapparelle.*<\/small>\n<small data-v-a72d7d=\"\">** Richiede un adattatore Zigbee compatibile**\u00a0<\/small>\n\n<h2>\n\t\tUscite\n\t<\/h2>\n\t<h4><strong>zigfred plus<\/strong><\/h4>\n<p class=\"translation-block\"><b data-stringify-type=\"bold\">4 uscite dimmer<\/b> fino a 150\u202fW max per canale e 450\u202fW max totali (RC, taglio di fase).<\/p>\n<p>Adatto alla maggior parte delle lampade a incandescenza disponibili in commercio, lampade a LED e sistemi alogeni con trasformatore elettronico. Il funzionamento dei trasformatori alogeni convenzionali non \u00e8 raccomandato.<\/p>\n<p>Il carico massimo collegato pu\u00f2 essere ridotto per le unit\u00e0 con un'elevata corrente di spunto.<\/p>\n<p>Le lampade non dimmerabili possono essere azionate in modalit\u00e0 on\/off all'uscita del dimmer.<\/p>\n<p>o<\/p>\n<p class=\"translation-block\"><strong>Fino a 2 uscite motore<\/strong> per motori di tende e veneziane fino a 300W (due uscite dimmer nella combinazione su\/gi\u00f9)<\/p>\n<h2>\n\t\tFornitura di energia\n\t<\/h2>\n\t<p class=\"translation-block\"><b data-v-a72d7d=\"\">230\u202fV~<\/b> 50\u202fHz tensione di rete<\/p>\n<p class=\"translation-block\">Necessita meno di <b>140 mW<\/b> per il normale funzionamento<\/p>\n<p class=\"translation-block\"><b data-v-a72d7d=\"\">Funzionamento a tre fili<\/b> per la massima compatibilit\u00e0, alimentazione da fase e neutro<\/p>\n<p class=\"translation-block\"><b data-v-a72d7d=\"\">Funzionamento a due fili<\/b> per retrofit in installazioni senza filo neutro*<\/p>\n<small data-v-a72d7d=\"\">** Consigliato l\u2019utilizzo con il conduttore di neutro. Il funzionamento a due conduttori dipende prevalentemente dall\u2019illuminazione utilizzata e quindi non pu\u00f2 essere garantito. Una piccola percentuale d'illuminazione a LED non supporta il funzionamento a due conduttori. Pu\u00f2 capitare che l\u2019illuminazione risulti tremolante o che brilli quando \u00e8 spenta. Consigliamo un\u2019illuminazione di tipo dimmerabile a partire dagli 8W per il funzionamento a due conduttori.<\/small>\n<h2>\n\t\tRequisiti d\u2019installazione\n\t<\/h2>\n\t<p>Presa a vuoto nel punto d\u2019installazione (\u00d8 68 mm)<\/p>\n<p>Smartphone con BLE per la configurazione<\/p>\n<p>Ambiente interno asciutto e riscaldato<\/p>\n<h2>\n\t\tCondizioni ambientali\n\t<\/h2>\n\t<p class=\"translation-block\"><b data-v-a72d7d=\"\">Temperatura di funzionamento:<\/b> +5\u202f\u00b0C a +35\u202f\u00b0C<\/p>\n<p class=\"translation-block\"><b data-v-a72d7d=\"\">Temperatura di stoccaggio:<\/b> +5\u202f\u00b0C a 50\u202f\u00b0C<\/p>\n<p class=\"translation-block\"><b data-v-a72d7d=\"\">Umidit\u00e0 relativa:<\/b> 10\u202f% a 85\u202f%, non condensante (non adatto a bagni e locali non riscaldati come cantine e garage)<\/p>\n<p class=\"translation-block\"><b data-v-a72d7d=\"\">Altitudine massima di esercizio:<\/b> 2000\u202fm sul livello del mare, senza compensazione della pressione<\/p>\n\t\t\t\t<img decoding=\"async\" src=\"https:\/\/zigfred.ch\/wp-content\/uploads\/2021\/10\/zigfred-box_neu.jpg\" alt=\"zigfred-box_neu\" itemprop=\"image\" height=\"1066\" width=\"1920\" title=\"zigfred-box_neu\" onerror=\"this.style.display='none'\"  \/>","protected":false},"excerpt":{"rendered":"<p>zigfred uno zigfred plus Farben &nbsp; Erh\u00e4ltlich in Weiss und SchwarzBedieneinheit in Schwarz zum Nachr\u00fcsten zus\u00e4tzlich im Shop erh\u00e4ltlich Abmessungen und Gewicht &nbsp; Einbautiefe: 32mm Gewicht:\u00a0150 g Passt in alle g\u00e4ngigen CH- &amp; EU-Normdosen Drahtlose Technologie Zigbee PRO 3.0 Bluetooth Low Energy 5.0 Thread (hardware-ready) NFC ready Kompatible Produkte &#038; Systeme Abgestimmt auf die gewohnte [&hellip;]<\/p>\n","protected":false},"author":5,"featured_media":0,"parent":0,"menu_order":0,"comment_status":"closed","ping_status":"closed","template":"","meta":{"_seopress_robots_primary_cat":"","_seopress_titles_title":"Technische Daten I zigfred - der schlaue Smarthome Schalter","_seopress_titles_desc":"Hier findest du alle technischen Daten zu unserem schlauen Smarthome-Schalter \u2713Farben \u2713Abmessungen \u2713Kompatibilit\u00e4t \u2713 Gewicht","_seopress_robots_index":"","site-sidebar-layout":"default","site-content-layout":"default","ast-site-content-layout":"default","site-content-style":"default","site-sidebar-style":"default","ast-global-header-display":"","ast-banner-title-visibility":"","ast-main-header-display":"","ast-hfb-above-header-display":"","ast-hfb-below-header-display":"","ast-hfb-mobile-header-display":"","site-post-title":"disabled","ast-breadcrumbs-content":"","ast-featured-img":"","footer-sml-layout":"","ast-disable-related-posts":"","theme-transparent-header-meta":"default","adv-header-id-meta":"","stick-header-meta":"default","header-above-stick-meta":"","header-main-stick-meta":"","header-below-stick-meta":"","astra-migrate-meta-layouts":"set","ast-page-background-enabled":"default","ast-page-background-meta":{"desktop":{"background-color":"","background-image":"","background-repeat":"repeat","background-position":"center center","background-size":"auto","background-attachment":"scroll","background-type":"","background-media":"","overlay-type":"","overlay-color":"","overlay-opacity":"","overlay-gradient":""},"tablet":{"background-color":"","background-image":"","background-repeat":"repeat","background-position":"center center","background-size":"auto","background-attachment":"scroll","background-type":"","background-media":"","overlay-type":"","overlay-color":"","overlay-opacity":"","overlay-gradient":""},"mobile":{"background-color":"","background-image":"","background-repeat":"repeat","background-position":"center center","background-size":"auto","background-attachment":"scroll","background-type":"","background-media":"","overlay-type":"","overlay-color":"","overlay-opacity":"","overlay-gradient":""}},"ast-content-background-meta":{"desktop":{"background-color":"var(--ast-global-color-5)","background-image":"","background-repeat":"repeat","background-position":"center center","background-size":"auto","background-attachment":"scroll","background-type":"","background-media":"","overlay-type":"","overlay-color":"","overlay-opacity":"","overlay-gradient":""},"tablet":{"background-color":"var(--ast-global-color-5)","background-image":"","background-repeat":"repeat","background-position":"center center","background-size":"auto","background-attachment":"scroll","background-type":"","background-media":"","overlay-type":"","overlay-color":"","overlay-opacity":"","overlay-gradient":""},"mobile":{"background-color":"var(--ast-global-color-5)","background-image":"","background-repeat":"repeat","background-position":"center center","background-size":"auto","background-attachment":"scroll","background-type":"","background-media":"","overlay-type":"","overlay-color":"","overlay-opacity":"","overlay-gradient":""}},"footnotes":""},"class_list":["post-1465","page","type-page","status-publish","hentry"],"_links":{"self":[{"href":"https:\/\/www.zigfred.ch\/it\/wp-json\/wp\/v2\/pages\/1465","targetHints":{"allow":["GET"]}}],"collection":[{"href":"https:\/\/www.zigfred.ch\/it\/wp-json\/wp\/v2\/pages"}],"about":[{"href":"https:\/\/www.zigfred.ch\/it\/wp-json\/wp\/v2\/types\/page"}],"author":[{"embeddable":true,"href":"https:\/\/www.zigfred.ch\/it\/wp-json\/wp\/v2\/users\/5"}],"replies":[{"embeddable":true,"href":"https:\/\/www.zigfred.ch\/it\/wp-json\/wp\/v2\/comments?post=1465"}],"version-history":[{"count":2,"href":"https:\/\/www.zigfred.ch\/it\/wp-json\/wp\/v2\/pages\/1465\/revisions"}],"predecessor-version":[{"id":3289,"href":"https:\/\/www.zigfred.ch\/it\/wp-json\/wp\/v2\/pages\/1465\/revisions\/3289"}],"wp:attachment":[{"href":"https:\/\/www.zigfred.ch\/it\/wp-json\/wp\/v2\/media?parent=1465"}],"curies":[{"name":"wp","href":"https:\/\/api.w.org\/{rel}","templated":true}]}}