{"id":1131,"date":"2021-03-25T14:18:12","date_gmt":"2021-03-25T13:18:12","guid":{"rendered":"https:\/\/www.zigfred.ch\/?page_id=1131"},"modified":"2024-08-06T10:52:23","modified_gmt":"2024-08-06T08:52:23","slug":"netiquette","status":"publish","type":"page","link":"https:\/\/www.zigfred.ch\/it\/netiquette\/","title":{"rendered":"Netiquette"},"content":{"rendered":"<h3><strong>Netiquette<\/strong><\/h3>\r\n<p>Liebe Nutzer unserer Facebook-Seite. Wir bitten freundlich um Beachtung der folgenden Regeln:<\/p>\r\n<ul>\r\n<li>Zigfred verwendet seine Facebook-Seiten f\u00fcr den Dialog mit Gespr\u00e4chspartnern innerhalb und au\u00dferhalb und freut sich \u00fcber vielf\u00e4ltige Kontakte und eine lebhafte Nutzung dieses Angebots.<\/li>\r\n<li>Netiquette beachten: Alle Nutzer der Facebook-Seiten von Zigfred sind aufgerufen, sich offen, freundlich und mit H\u00f6flichkeit, Respekt und gegenseitiger R\u00fccksichtnahme in den Dialog einzubringen.<\/li>\r\n<li>Authentizit\u00e4t: Schreiben Sie Beitr\u00e4ge stets unter Ihrem richtigen Namen, geben Sie sich nicht f\u00fcr jemand anderen aus. Zigfred beh\u00e4lt sich vor, Beitr\u00e4ge, die keinem eindeutigen Absender zugeordnet werden k\u00f6nnen, zu l\u00f6schen.<\/li>\r\n<li>Meinungs\u00e4u\u00dferungen sind immer als solche zu kennzeichnen.<\/li>\r\n<li>Respektieren Sie die Rechte Dritter! Posten Sie z.B. keine Fotos von Personen, die nicht explizit der Ver\u00f6ffentlichung zugestimmt haben, oder ohne die Erlaubnis des Fotografen, wenn Sie das Foto nicht selbst gemacht haben.<\/li>\r\n<li>Die meisten Nutzer der Facebook-Seite von Zigfred verstehen Deutsch oder Englisch. Um Ihre Mitnutzer nicht von der Kommunikation auszuschlie\u00dfen, sollten Sie daher Ihre Posts und Kommentare auf Deutsch oder Englisch formulieren. Beitr\u00e4gen in anderen Sprachen bitten wir eine \u00dcbersetzung in einer dieser beiden Sprachen beizuf\u00fcgen.<\/li>\r\n<li>Zigfred ist weltanschaulich neutral. Unsere Facebook-Seiten sind kein Ort zu Verbreitung politischer oder religi\u00f6ser Botschaften.<\/li>\r\n<li>Alle Posts m\u00fcssen einen konkreten, unmittelbaren Bezug zu Zigfred haben und Kommentare sich auf den kommentierten Post beziehen, andernfalls werden sie unverz\u00fcglich gel\u00f6scht. Im Zweifel sollten vor dem Posting die Administratoren kontaktiert werden.<\/li>\r\n<li>Kommerzielle Beitr\u00e4ge (z.B. auch Verkaufsgesuche) und Werbung Dritter sind grunds\u00e4tzlich nicht gestattet.<\/li>\r\n<li>Spam ist unerw\u00fcnscht. Insbesondere Beitr\u00e4ge mit kriminellen, radikalen, verfassungsfeindlichen, pornografischen, beleidigendem, verunglimpfenden oder rechtswidrigen Inhalten werden unverz\u00fcglich gel\u00f6scht, die Absender von der Nutzung der Facebook-Seiten von Zigfred ausgeschlossen. Der Versto\u00df kann angezeigt werden.<\/li>\r\n<li>Wer gegen unsere Spielregeln verst\u00f6\u00dft, wird der Seite verwiesen und beim Betreiber gemeldet.<\/li>\r\n<\/ul>\r\n<p>&nbsp;<\/p>","protected":false},"excerpt":{"rendered":"<p>Netiquette Liebe Nutzer unserer Facebook-Seite. Wir bitten freundlich um Beachtung der folgenden Regeln: Zigfred verwendet seine Facebook-Seiten f\u00fcr den Dialog mit Gespr\u00e4chspartnern innerhalb und au\u00dferhalb und freut sich \u00fcber vielf\u00e4ltige Kontakte und eine lebhafte Nutzung dieses Angebots. Netiquette beachten: Alle Nutzer der Facebook-Seiten von Zigfred sind aufgerufen, sich offen, freundlich und mit H\u00f6flichkeit, Respekt und [&hellip;]<\/p>\n","protected":false},"author":5,"featured_media":0,"parent":0,"menu_order":0,"comment_status":"closed","ping_status":"closed","template":"","meta":{"_seopress_robots_primary_cat":"","_seopress_titles_title":"Netiquette - zigfred der schlaue Smart Home Schalter","_seopress_titles_desc":"","_seopress_robots_index":"","site-sidebar-layout":"default","site-content-layout":"default","ast-site-content-layout":"default","site-content-style":"default","site-sidebar-style":"default","ast-global-header-display":"","ast-banner-title-visibility":"","ast-main-header-display":"","ast-hfb-above-header-display":"","ast-hfb-below-header-display":"","ast-hfb-mobile-header-display":"","site-post-title":"disabled","ast-breadcrumbs-content":"","ast-featured-img":"","footer-sml-layout":"","ast-disable-related-posts":"","theme-transparent-header-meta":"default","adv-header-id-meta":"","stick-header-meta":"default","header-above-stick-meta":"","header-main-stick-meta":"","header-below-stick-meta":"","astra-migrate-meta-layouts":"set","ast-page-background-enabled":"default","ast-page-background-meta":{"desktop":{"background-color":"","background-image":"","background-repeat":"repeat","background-position":"center center","background-size":"auto","background-attachment":"scroll","background-type":"","background-media":"","overlay-type":"","overlay-color":"","overlay-opacity":"","overlay-gradient":""},"tablet":{"background-color":"","background-image":"","background-repeat":"repeat","background-position":"center center","background-size":"auto","background-attachment":"scroll","background-type":"","background-media":"","overlay-type":"","overlay-color":"","overlay-opacity":"","overlay-gradient":""},"mobile":{"background-color":"","background-image":"","background-repeat":"repeat","background-position":"center center","background-size":"auto","background-attachment":"scroll","background-type":"","background-media":"","overlay-type":"","overlay-color":"","overlay-opacity":"","overlay-gradient":""}},"ast-content-background-meta":{"desktop":{"background-color":"var(--ast-global-color-5)","background-image":"","background-repeat":"repeat","background-position":"center center","background-size":"auto","background-attachment":"scroll","background-type":"","background-media":"","overlay-type":"","overlay-color":"","overlay-opacity":"","overlay-gradient":""},"tablet":{"background-color":"var(--ast-global-color-5)","background-image":"","background-repeat":"repeat","background-position":"center center","background-size":"auto","background-attachment":"scroll","background-type":"","background-media":"","overlay-type":"","overlay-color":"","overlay-opacity":"","overlay-gradient":""},"mobile":{"background-color":"var(--ast-global-color-5)","background-image":"","background-repeat":"repeat","background-position":"center center","background-size":"auto","background-attachment":"scroll","background-type":"","background-media":"","overlay-type":"","overlay-color":"","overlay-opacity":"","overlay-gradient":""}},"footnotes":""},"class_list":["post-1131","page","type-page","status-publish","hentry"],"_links":{"self":[{"href":"https:\/\/www.zigfred.ch\/it\/wp-json\/wp\/v2\/pages\/1131","targetHints":{"allow":["GET"]}}],"collection":[{"href":"https:\/\/www.zigfred.ch\/it\/wp-json\/wp\/v2\/pages"}],"about":[{"href":"https:\/\/www.zigfred.ch\/it\/wp-json\/wp\/v2\/types\/page"}],"author":[{"embeddable":true,"href":"https:\/\/www.zigfred.ch\/it\/wp-json\/wp\/v2\/users\/5"}],"replies":[{"embeddable":true,"href":"https:\/\/www.zigfred.ch\/it\/wp-json\/wp\/v2\/comments?post=1131"}],"version-history":[{"count":0,"href":"https:\/\/www.zigfred.ch\/it\/wp-json\/wp\/v2\/pages\/1131\/revisions"}],"wp:attachment":[{"href":"https:\/\/www.zigfred.ch\/it\/wp-json\/wp\/v2\/media?parent=1131"}],"curies":[{"name":"wp","href":"https:\/\/api.w.org\/{rel}","templated":true}]}}