{"id":1870,"date":"2021-10-27T08:24:39","date_gmt":"2021-10-27T06:24:39","guid":{"rendered":"https:\/\/www.zigfred.ch\/?page_id=1870"},"modified":"2021-10-27T08:26:01","modified_gmt":"2021-10-27T06:26:01","slug":"ce","status":"publish","type":"page","link":"https:\/\/www.zigfred.ch\/fr\/ce\/","title":{"rendered":"D\u00e9claration de conformit\u00e9"},"content":{"rendered":"<h1>D\u00e9claration de conformit\u00e9<\/h1>\n<p><strong>Le fabricant<\/strong><\/p>\nSiglis AG<br \/>\nHardturmstrasse 161<br \/>\n8005 Z\u00fcrich<br \/>\nSuisse\n<strong>D\u00e9clare sous sa seule responsabilit\u00e9 que le produit<br \/>\n<\/strong>zigfred uno (ZFU-1D-CH)\n<strong>Herewith complies with the essential requirements of the following directives when installedand used in accordance with the manufacturer&#8217;s instructions<br \/>\n<\/strong>Low Voltage Directive\u00a0 &#8211; 2014\/35\/EU<br \/>\nEMC Directive &#8211; 2014\/30\/EU<br \/>\nRadio Equipment Directive\u00a0 &#8211; 2014\/53\/EU\n<strong>Les normes harmonis\u00e9es suivantes ont \u00e9t\u00e9 appliqu\u00e9es pour v\u00e9rifier la conformit\u00e9<br \/>\n<\/strong>EN 60669-1:1999+A1:2002+A2:2008<br \/>\nEN 60669-2-1:2004+A1:2009+A12:2011<br \/>\nEN 303 446-1 V1.2.1<br \/>\nEN 300 328<br \/>\nEN 300 330<br \/>\nEN 50385:2017\n<p><strong>Le produit est \u00e9galement conforme aux directives suivantes<\/strong><\/p>\nRoHS &#8211; 2011\/65\/EU<br \/>\nWEEE &#8211; 2012\/19\/EU","protected":false},"excerpt":{"rendered":"<p>Declaration of Conformity The manufacturer Siglis AG Hardturmstrasse 161 8005 Z\u00fcrich Switzerland Declares under sole responsibility that the product zigfred uno (ZFU-1D-CH) Herewith complies with the essential requirements of the following directives when installedand used in accordance with the manufacturer&#8217;s instructions Low Voltage Directive\u00a0 &#8211; 2014\/35\/EU EMC Directive &#8211; 2014\/30\/EU Radio Equipment Directive\u00a0 &#8211; 2014\/53\/EU [&hellip;]<\/p>\n","protected":false},"author":5,"featured_media":0,"parent":0,"menu_order":0,"comment_status":"closed","ping_status":"closed","template":"","meta":{"_seopress_robots_primary_cat":"","_seopress_titles_title":"","_seopress_titles_desc":"","_seopress_robots_index":"","site-sidebar-layout":"default","site-content-layout":"default","ast-site-content-layout":"default","site-content-style":"default","site-sidebar-style":"default","ast-global-header-display":"","ast-banner-title-visibility":"","ast-main-header-display":"","ast-hfb-above-header-display":"","ast-hfb-below-header-display":"","ast-hfb-mobile-header-display":"","site-post-title":"disabled","ast-breadcrumbs-content":"","ast-featured-img":"","footer-sml-layout":"","ast-disable-related-posts":"","theme-transparent-header-meta":"default","adv-header-id-meta":"","stick-header-meta":"default","header-above-stick-meta":"","header-main-stick-meta":"","header-below-stick-meta":"","astra-migrate-meta-layouts":"default","ast-page-background-enabled":"default","ast-page-background-meta":{"desktop":{"background-color":"","background-image":"","background-repeat":"repeat","background-position":"center center","background-size":"auto","background-attachment":"scroll","background-type":"","background-media":"","overlay-type":"","overlay-color":"","overlay-opacity":"","overlay-gradient":""},"tablet":{"background-color":"","background-image":"","background-repeat":"repeat","background-position":"center center","background-size":"auto","background-attachment":"scroll","background-type":"","background-media":"","overlay-type":"","overlay-color":"","overlay-opacity":"","overlay-gradient":""},"mobile":{"background-color":"","background-image":"","background-repeat":"repeat","background-position":"center center","background-size":"auto","background-attachment":"scroll","background-type":"","background-media":"","overlay-type":"","overlay-color":"","overlay-opacity":"","overlay-gradient":""}},"ast-content-background-meta":{"desktop":{"background-color":"var(--ast-global-color-5)","background-image":"","background-repeat":"repeat","background-position":"center center","background-size":"auto","background-attachment":"scroll","background-type":"","background-media":"","overlay-type":"","overlay-color":"","overlay-opacity":"","overlay-gradient":""},"tablet":{"background-color":"var(--ast-global-color-5)","background-image":"","background-repeat":"repeat","background-position":"center center","background-size":"auto","background-attachment":"scroll","background-type":"","background-media":"","overlay-type":"","overlay-color":"","overlay-opacity":"","overlay-gradient":""},"mobile":{"background-color":"var(--ast-global-color-5)","background-image":"","background-repeat":"repeat","background-position":"center center","background-size":"auto","background-attachment":"scroll","background-type":"","background-media":"","overlay-type":"","overlay-color":"","overlay-opacity":"","overlay-gradient":""}},"footnotes":""},"class_list":["post-1870","page","type-page","status-publish","hentry"],"_links":{"self":[{"href":"https:\/\/www.zigfred.ch\/fr\/wp-json\/wp\/v2\/pages\/1870","targetHints":{"allow":["GET"]}}],"collection":[{"href":"https:\/\/www.zigfred.ch\/fr\/wp-json\/wp\/v2\/pages"}],"about":[{"href":"https:\/\/www.zigfred.ch\/fr\/wp-json\/wp\/v2\/types\/page"}],"author":[{"embeddable":true,"href":"https:\/\/www.zigfred.ch\/fr\/wp-json\/wp\/v2\/users\/5"}],"replies":[{"embeddable":true,"href":"https:\/\/www.zigfred.ch\/fr\/wp-json\/wp\/v2\/comments?post=1870"}],"version-history":[{"count":0,"href":"https:\/\/www.zigfred.ch\/fr\/wp-json\/wp\/v2\/pages\/1870\/revisions"}],"wp:attachment":[{"href":"https:\/\/www.zigfred.ch\/fr\/wp-json\/wp\/v2\/media?parent=1870"}],"curies":[{"name":"wp","href":"https:\/\/api.w.org\/{rel}","templated":true}]}}