{"id":174,"date":"2020-09-08T11:14:42","date_gmt":"2020-09-08T09:14:42","guid":{"rendered":"https:\/\/www.zigfred.ch\/?page_id=174"},"modified":"2025-04-30T11:54:15","modified_gmt":"2025-04-30T09:54:15","slug":"specs-zigfred-uno","status":"publish","type":"page","link":"https:\/\/www.zigfred.ch\/fr\/specs-zigfred-uno\/","title":{"rendered":"Technische Daten &#8211; zigfred uno"},"content":{"rendered":"<h1>\n\t\tzigfred <strong>uno<\/strong>\n\t<\/h1>\n<h2>\n\t\t<a href=\"https:\/\/www.zigfred.ch\/fr\/specs-zigfred-plus\/\" title=\"zigfred plus\"  target=\"_self\">\n\t\tzigfred <strong>plus<\/strong>\n\t\t<\/a>\n\t<\/h2>\n<h2>\n\t\tColoris\n\t<\/h2>\n\t\t\t\t<img decoding=\"async\" src=\"https:\/\/zigfred.ch\/wp-content\/uploads\/2021\/01\/zigfred_uno_1_full_purple_led-1024x1024.png\" alt=\"zigfred_uno_1_full_purple_led\" itemprop=\"image\" height=\"1024\" width=\"1024\" title=\"zigfred_uno_1_full_purple_led\" onerror=\"this.style.display='none'\"  \/>\n\t<p>&nbsp;<\/p>\n<p>Disponible en blanc et noir<br data-v-a72d7d=\"\" \/>Unit\u00e9 de commande en noir disponible en suppl\u00e9ment dans la boutique<\/p>\n\t\t\t\t<img decoding=\"async\" src=\"http:\/\/zigfred.ch\/wp-content\/uploads\/2023\/04\/zigfred_uno_2_half_white_led_in_black-300x300.png\" alt=\"zigfred_uno_2_half_white_led_in_black\" itemprop=\"image\" title=\"zigfred_uno_2_half_white_led_in_black\" onerror=\"this.style.display='none'\"  \/>\n<h2>\n\t\tDimensions et poids\n\t<\/h2>\n\t\t\t\t<img decoding=\"async\" src=\"https:\/\/zigfred.ch\/wp-content\/uploads\/2021\/01\/zigfred_uno_complete_side-1024x1024.png\" alt=\"zigfred_uno_complete_side\" itemprop=\"image\" height=\"1024\" width=\"1024\" title=\"zigfred_uno_complete_side\" onerror=\"this.style.display='none'\"  \/>\n\t<p>&nbsp;<\/p>\nProfondeur d\u2019encastrement: 32 mm<br \/>\nPoids: 150 g<br \/>\nConvient \u00e0 toutes les prises CH &amp; UE courantes\n<h2>\n\t\tTechnologie sans fil\n\t<\/h2>\n\t<p>Zigbee PRO 3.0<\/p>\n<p>Bluetooth Low Energy 5.0<\/p>\n<p>Thread (pr\u00eat pour mat\u00e9riel)<\/p>\n<p>Pr\u00eat pour NFC<\/p>\n<h2>\n\t\tKompatible Produkte &#038; Systeme\n\t<\/h2>\n\t<p>Sur mesure pour la s\u00e9rie de commutateurs suisse bien connue Feller EDIZIOdue<\/p>\n<p>Configurable avec l\u2019application zigfred<\/p>\n<p><b data-v-a72d7d=\"\">zigfred<\/b> funktioniert grunds\u00e4tzlich mit jedem\/r Zigbee-zertifizierten Leuchtmittel, Fernbedienung, Sensor oder Gateway. Leider sind vereinzelt Gateways auf dem Markt, die Drittprodukte blockieren.<\/p>\n<p><strong>zigfred<\/strong> ist <strong>bidirektional<\/strong> mit dem Zigbee-Netz verbunden. Das bedeutet, dass zigfred beliebige Leuchten im Zigbee-Netz steuern kann, als auch dass die Schaltkan\u00e4le des <strong>zigfred<\/strong> durch das Gateway und dessen Zubeh\u00f6r gesteuert werden k\u00f6nnen.<\/p>\n<p>Officiellement, nous prenons en charge:<\/p>\n<p class=\"translation-block\"><b data-v-a72d7d=\"\">Philips Hue :<\/b> App, t\u00e9l\u00e9commande*, ampoules, capteurs*, passerelle*<\/p>\n<p class=\"translation-block\"><b data-v-a72d7d=\"\">IKEA TR\u00c5DFRI :<\/b> Ampoules<\/p>\n<b data-v-a72d7d=\"\">Home Assistant: <\/b>Volle Unterst\u00fctzung**\n<p class=\"translation-block\"><b data-v-a72d7d=\"\">Google Home :<\/b> Commande vocale, App*<\/p>\n<p class=\"translation-block\"><b data-v-a72d7d=\"\">Amazon Echo :<\/b> Commande vocale<\/p>\n<b data-v-a72d7d=\"\">Apple HomeKit:<\/b> commande vocale*, application*\n<small data-v-a72d7d=\"\">*\u202f* N\u00e9cessite une passerelle compatible, par ex. Philips Hue Bridge, Home Assistant. La Philips Hue Bridge ne prend en charge que les ampoules, pas les stores.*<\/small>\n<small data-v-a72d7d=\"\">** N\u00e9cessite un adaptateur Zigbee compatible**\u00a0<\/small>\n\n<h2>\n\t\tSorties\n\t<\/h2>\n\t<h4><strong>zigfred uno<\/strong><\/h4>\n<p class=\"translation-block\">1x <strong>sortie de commutation<\/strong>, jusqu\u2019\u00e0 10 A \/ 2300 W<\/p>\n<p>Configurable comme interrupteur individuel ou interrupteur \u00e0 alternance (sch\u00e9mas 3 &amp; 6). Possibilit\u00e9 de raccorder une prise de commutation.<\/p>\n<p class=\"translation-block\">1x <strong>sortie de variateur<\/strong> pour ampoule jusqu\u2019\u00e0 max. 150 W (RC, section de phase).<\/p>\n<p>Convient \u00e0 la plupart des lampes \u00e0 incandescence, lampes LED et installations halog\u00e8nes du commerce avec transformateur \u00e9lectronique. L'utilisation de transformateurs halog\u00e8nes conventionnels n'est pas recommand\u00e9e.<\/p>\n<p>Pour les appareils \u00e0 courant d'appel \u00e9lev\u00e9, la puissance maximale de raccordement peut \u00eatre r\u00e9duite.<\/p>\n<p>Les ampoules non dimmables peuvent \u00eatre utilis\u00e9es en mode marche\/arr\u00eat sur la sortie du variateur.<\/p>\n<h2>\n\t\tAlimentation \u00e9lectrique\n\t<\/h2>\n\t<p class=\"translation-block\"><b data-v-a72d7d=\"\">230\u202fV~<\/b> 50\u202fHz tension r\u00e9seau<\/p>\n<p class=\"translation-block\">N\u00e9cessite moins de <b>140 mW<\/b> pour le fonctionnement normal<\/p>\n<p class=\"translation-block\"><b data-v-a72d7d=\"\">Fonctionnement \u00e0 trois fils<\/b> pour une compatibilit\u00e9 maximale, alimentation depuis le fil de phase et le neutre<\/p>\n<p class=\"translation-block\"><b data-v-a72d7d=\"\">Fonctionnement \u00e0 deux fils<\/b> pour mise \u00e0 niveau dans les installations sans fil neutre*<\/p>\n<small data-v-a72d7d=\"\">** Fonctionnement avec conducteur neutre recommand\u00e9. Le fonctionnement \u00e0 deux conducteurs d\u00e9pend tr\u00e8s largement de l\u2019ampoule utilis\u00e9e et ne peut malheureusement pas \u00eatre garanti. Une petite part des ampoules LED ne prennent pas en charge le fonctionnement \u00e0 deux conducteurs. Il se peut que l\u2019ampoule vacille ou rougeoie lorsque l\u2019installation est \u00e9teinte. Nous recommandons des ampoules \u00e0 intensit\u00e9 variable \u00e0 partir de 8 W pour le fonctionnement \u00e0 deux conducteurs.<\/small>\n<h2>\n\t\tConditions pour le montage\n\t<\/h2>\n\t<p>Bo\u00eetier vide sur le lieu de montage (\u00d8 68 mm)<\/p>\n<p>Smartphone avec BLE pour la configuration<\/p>\n<p>Espace int\u00e9rieur sec, chauff\u00e9<\/p>\n<h2>\n\t\tConditions li\u00e9es \u00e0 l\u2019environnement\n\t<\/h2>\n\t<p class=\"translation-block\"><b data-v-a72d7d=\"\">Temp\u00e9rature de fonctionnement :<\/b> +5\u202f\u00b0C \u00e0 +35\u202f\u00b0C<\/p>\n<p class=\"translation-block\"><b data-v-a72d7d=\"\">Temp\u00e9rature de stockage :<\/b> +5\u202f\u00b0C \u00e0 50\u202f\u00b0C<\/p>\n<p class=\"translation-block\"><b data-v-a72d7d=\"\">Humidit\u00e9 relative :<\/b> 10\u202f% \u00e0 85\u202f%, non condensante (non adapt\u00e9 aux salles de bain et aux pi\u00e8ces non chauff\u00e9es comme les caves et garages)<\/p>\n<p class=\"translation-block\"><b data-v-a72d7d=\"\">Altitude de fonctionnement maximale :<\/b> 2000\u202fm au-dessus du niveau de la mer, sans compensation de pression<\/p>\n\t\t\t\t<img decoding=\"async\" src=\"https:\/\/zigfred.ch\/wp-content\/uploads\/2021\/10\/zigfred-box_neu.jpg\" alt=\"zigfred-box_neu\" itemprop=\"image\" height=\"1066\" width=\"1920\" title=\"zigfred-box_neu\" onerror=\"this.style.display='none'\"  \/>","protected":false},"excerpt":{"rendered":"<p>zigfred uno zigfred plus Farben &nbsp; Erh\u00e4ltlich in Weiss und SchwarzBedieneinheit in Schwarz zum Nachr\u00fcsten zus\u00e4tzlich im Shop erh\u00e4ltlich Abmessungen und Gewicht &nbsp; Einbautiefe: 32mm Gewicht:\u00a0150 g Passt in alle g\u00e4ngigen CH- &amp; EU-Normdosen Drahtlose Technologie Zigbee PRO 3.0 Bluetooth Low Energy 5.0 Thread (hardware-ready) NFC ready Kompatible Produkte &#038; Systeme Abgestimmt auf die gewohnte [&hellip;]<\/p>\n","protected":false},"author":7,"featured_media":0,"parent":0,"menu_order":0,"comment_status":"closed","ping_status":"closed","template":"","meta":{"_seopress_robots_primary_cat":"","_seopress_titles_title":"Technische Daten uno I zigfred - der schlaue Smarthome Schalter","_seopress_titles_desc":"Hier findest du alle technischen Daten zu unserem schlauen Smarthome-Schalter \u2713Farben \u2713Abmessungen \u2713Kompatibilit\u00e4t \u2713 Gewicht","_seopress_robots_index":"","_seopress_analysis_target_kw":"","site-sidebar-layout":"default","site-content-layout":"default","ast-site-content-layout":"default","site-content-style":"default","site-sidebar-style":"default","ast-global-header-display":"","ast-banner-title-visibility":"","ast-main-header-display":"","ast-hfb-above-header-display":"","ast-hfb-below-header-display":"","ast-hfb-mobile-header-display":"","site-post-title":"disabled","ast-breadcrumbs-content":"","ast-featured-img":"","footer-sml-layout":"","ast-disable-related-posts":"","theme-transparent-header-meta":"default","adv-header-id-meta":"","stick-header-meta":"default","header-above-stick-meta":"","header-main-stick-meta":"","header-below-stick-meta":"","astra-migrate-meta-layouts":"set","ast-page-background-enabled":"default","ast-page-background-meta":{"desktop":{"background-color":"","background-image":"","background-repeat":"repeat","background-position":"center center","background-size":"auto","background-attachment":"scroll","background-type":"","background-media":"","overlay-type":"","overlay-color":"","overlay-opacity":"","overlay-gradient":""},"tablet":{"background-color":"","background-image":"","background-repeat":"repeat","background-position":"center center","background-size":"auto","background-attachment":"scroll","background-type":"","background-media":"","overlay-type":"","overlay-color":"","overlay-opacity":"","overlay-gradient":""},"mobile":{"background-color":"","background-image":"","background-repeat":"repeat","background-position":"center center","background-size":"auto","background-attachment":"scroll","background-type":"","background-media":"","overlay-type":"","overlay-color":"","overlay-opacity":"","overlay-gradient":""}},"ast-content-background-meta":{"desktop":{"background-color":"var(--ast-global-color-5)","background-image":"","background-repeat":"repeat","background-position":"center center","background-size":"auto","background-attachment":"scroll","background-type":"","background-media":"","overlay-type":"","overlay-color":"","overlay-opacity":"","overlay-gradient":""},"tablet":{"background-color":"var(--ast-global-color-5)","background-image":"","background-repeat":"repeat","background-position":"center center","background-size":"auto","background-attachment":"scroll","background-type":"","background-media":"","overlay-type":"","overlay-color":"","overlay-opacity":"","overlay-gradient":""},"mobile":{"background-color":"var(--ast-global-color-5)","background-image":"","background-repeat":"repeat","background-position":"center center","background-size":"auto","background-attachment":"scroll","background-type":"","background-media":"","overlay-type":"","overlay-color":"","overlay-opacity":"","overlay-gradient":""}},"footnotes":""},"class_list":["post-174","page","type-page","status-publish","hentry"],"_links":{"self":[{"href":"https:\/\/www.zigfred.ch\/fr\/wp-json\/wp\/v2\/pages\/174","targetHints":{"allow":["GET"]}}],"collection":[{"href":"https:\/\/www.zigfred.ch\/fr\/wp-json\/wp\/v2\/pages"}],"about":[{"href":"https:\/\/www.zigfred.ch\/fr\/wp-json\/wp\/v2\/types\/page"}],"author":[{"embeddable":true,"href":"https:\/\/www.zigfred.ch\/fr\/wp-json\/wp\/v2\/users\/7"}],"replies":[{"embeddable":true,"href":"https:\/\/www.zigfred.ch\/fr\/wp-json\/wp\/v2\/comments?post=174"}],"version-history":[{"count":2,"href":"https:\/\/www.zigfred.ch\/fr\/wp-json\/wp\/v2\/pages\/174\/revisions"}],"predecessor-version":[{"id":3288,"href":"https:\/\/www.zigfred.ch\/fr\/wp-json\/wp\/v2\/pages\/174\/revisions\/3288"}],"wp:attachment":[{"href":"https:\/\/www.zigfred.ch\/fr\/wp-json\/wp\/v2\/media?parent=174"}],"curies":[{"name":"wp","href":"https:\/\/api.w.org\/{rel}","templated":true}]}}