{"id":1291,"date":"2021-09-13T14:33:18","date_gmt":"2021-09-13T12:33:18","guid":{"rendered":"https:\/\/www.zigfred.ch\/?page_id=1291"},"modified":"2026-01-06T10:03:12","modified_gmt":"2026-01-06T09:03:12","slug":"zigfred-ist","status":"publish","type":"page","link":"https:\/\/www.zigfred.ch\/fr\/","title":{"rendered":"Homepage"},"content":{"rendered":"<video autoplay loop muted playsinline><source src=\"https:\/\/zigfred.ch\/wp-content\/uploads\/2022\/03\/teaser_video.mp4\" type=\"video\/mp4\"\/><\/video>\n                    <img decoding=\"async\" loading=\"lazy\" src=\"https:\/\/zigfred.ch\/wp-content\/uploads\/2021\/01\/logo-black-color-no_blending-1.png\" alt=\"logo-black-color-no_blending\" itemprop=\"image\" height=\"414\" width=\"1024\" onerror=\"this.style.display='none'\" srcset=\"https:\/\/zigfred.ch\/wp-content\/uploads\/2021\/01\/logo-black-color-no_blending-1.png 1024w, https:\/\/zigfred.ch\/wp-content\/uploads\/2021\/01\/logo-black-color-no_blending-1-300x121.png 300w, https:\/\/zigfred.ch\/wp-content\/uploads\/2021\/01\/logo-black-color-no_blending-1-768x311.png 768w, https:\/\/zigfred.ch\/wp-content\/uploads\/2021\/01\/logo-black-color-no_blending-1-600x243.png 600w\" sizes=\"auto, (max-width: 1024px) 100vw, 1024px\" title=\"logo-black-color-no_blending\"\/>\n                        <p>Remplace ton interrupteur par zigfred et connecte n\u2019importe quelle lampe au Philips Hue Bridge. Et gr\u00e2ce aux boutons, tu peux aussi contr\u00f4ler directement d\u2019autres zigfred et des ampoules intelligentes.<\/p>\n                        <p>\u00c9teins facilement toutes les lampes en quittant ton appartement d\u2019une simple pression. R\u00e9duis l\u2019intensit\u00e9 des spots du couloir en toute simplicit\u00e9 par commande vocale depuis ton canap\u00e9. Tu es fan de lampes design s\u00e9lectionn\u00e9es ? Ou attach\u00e9 \u00e0 la belle lampe antique de ta grand-m\u00e8re ? Pas de probl\u00e8me : zigfred les rend toutes intelligentes.<\/p>\n                        <p>Peu importe la flexibilit\u00e9 avec laquelle tu souhaites concevoir ta maison intelligente : zigfred t\u2019apporte la solution.<\/p>\n                        <button onclick=\"window.location.href='\/bestellen';\">Commander maintenant<\/button>\n<h1>\n\t\t\tL\u2019habitat intelligent, c\u2019est si simple!\t<\/h1>\n\t\t\t\t<img decoding=\"async\" src=\"https:\/\/zigfred.ch\/wp-content\/uploads\/2021\/01\/Zigfred-Plus-Modual-1024x786.png\" alt=\"Zigfred Plus + Modual\" itemprop=\"image\" height=\"786\" width=\"1024\" title=\"Zigfred Plus + Modual\" onerror=\"this.style.display='none'\" loading=\"lazy\" \/>\n\t<p>Smart Homes sind grossartig. Nur die Technologie dahinter kann einem den Spass schon etwas verderben: Installation, Kompatibilit\u00e4t, Integration, Upgrades &#8211; oft alles andere als smart. zigfred ist anders. Wir wollen cleveres Wohnen f\u00fcr alle, einfach und schnell. Darum sind unsere Schalter mit den meisten g\u00e4ngigen Smart Home Ger\u00e4ten kompatibel. Sie funktionieren mit Funkleuchtmitteln und konventionellen Lampen. Und die Bedienung ist simpel: \u00fcber die zigfred App auf deinem Smartphone, Fernbedienung oder Sprachbefehl. Versuch&#8217;s mal!<\/p>\n\t<p>La commande vocale de Google Home ou d\u2019Apple Siri n\u00e9cessite une passerelle Zigbee (p. ex. Philips Hue Bridge, Homee, etc.)<\/p>\n<h1 class=\"translation-block\">zigfred est le jalon manquant au sein <br>de votre <strong>maison connect\u00e9e<\/strong><\/h1>\n\t\t\t\t<img decoding=\"async\" src=\"https:\/\/zigfred.ch\/wp-content\/uploads\/2021\/09\/baustein.png\" alt=\"baustein\" itemprop=\"image\" height=\"673\" width=\"999\" title=\"baustein\" onerror=\"this.style.display='none'\" loading=\"lazy\" \/>\n\t<strong>zigfred<\/strong> connecte, facilement et rapidement:<br \/>\ninstallation domestique et appareils intelligents.\n\t\t\t<a href=\"#connection\" target=\"_self\">\n\t\t\t\t\t\t\tplus<br \/>d'informations\n\t\t\t\t\t<\/a>\n\t<strong>zigfred<\/strong> gibt&#8217;s fast \u00fcberall:<br \/>\nen ligne et dans les magasins de nombreux fournisseurs suisses de renom.\n\t\t\t\t<a href=\"\/fr\/digitec\/\"  target=\"_blank\" rel=\"noopener\"  itemprop=\"url\">\n\t\t\t\t<img decoding=\"async\" src=\"https:\/\/zigfred.ch\/wp-content\/uploads\/2021\/10\/digitec-logo.svg\" alt=\"digitec-logo\" itemprop=\"image\" height=\"100\" width=\"100\" title=\"digitec-logo\" onerror=\"this.style.display='none'\" loading=\"lazy\" \/>\n\t\t\t\t<\/a>\n\t\t\t\t<a href=\"\/fr\/brack\/\"  target=\"_blank\" rel=\"noopener\"  itemprop=\"url\">\n\t\t\t\t<img decoding=\"async\" src=\"https:\/\/zigfred.ch\/wp-content\/uploads\/2021\/10\/brack-logo.svg\" alt=\"brack-logo\" itemprop=\"image\" height=\"100\" width=\"100\" title=\"brack-logo\" onerror=\"this.style.display='none'\" loading=\"lazy\" \/>\n\t\t\t\t<\/a>\n\t\t\t\t<a href=\"\/fr\/migros\/\"  target=\"_blank\" rel=\"noopener\"  itemprop=\"url\">\n\t\t\t\t<img decoding=\"async\" src=\"http:\/\/zigfred.ch\/wp-content\/uploads\/2021\/12\/doitgarden.svg\" alt=\"doitgarden\" itemprop=\"image\" height=\"0\" width=\"0\" title=\"doitgarden\" onerror=\"this.style.display='none'\" loading=\"lazy\" \/>\n\t\t\t\t<\/a>\n\t\t\t\t<a href=\"\/fr\/ottofischer\/\"  target=\"_blank\" rel=\"noopener\"  itemprop=\"url\">\n\t\t\t\t<img decoding=\"async\" src=\"https:\/\/zigfred.ch\/wp-content\/uploads\/2021\/10\/otto-fischer.svg\" alt=\"otto-fischer\" itemprop=\"image\" height=\"100\" width=\"100\" title=\"otto-fischer\" onerror=\"this.style.display='none'\" loading=\"lazy\" \/>\n\t\t\t\t<\/a>\n\t\t\t\t<a href=\"\/fr\/alltron\/\"  target=\"_blank\" rel=\"noopener\"  itemprop=\"url\">\n\t\t\t\t<img decoding=\"async\" src=\"https:\/\/zigfred.ch\/wp-content\/uploads\/2021\/10\/altron-logo.svg\" alt=\"altron-logo\" itemprop=\"image\" height=\"100\" width=\"100\" title=\"altron-logo\" onerror=\"this.style.display='none'\" loading=\"lazy\" \/>\n\t\t\t\t<\/a>\n\t\t\t\t<a href=\"\/fr\/elektro-material\/\"  target=\"_blank\" rel=\"noopener\"  itemprop=\"url\">\n\t\t\t\t<img decoding=\"async\" src=\"https:\/\/zigfred.ch\/wp-content\/uploads\/2021\/10\/em-logo.svg\" alt=\"em-logo\" itemprop=\"image\" height=\"100\" width=\"100\" title=\"em-logo\" onerror=\"this.style.display='none'\" loading=\"lazy\" \/>\n\t\t\t\t<\/a>\n\t<p>Neuf, ancien, r\u00e9novation? Pas de probl\u00e8me. <strong>zigfred<\/strong> s\u2019adapte toujours.<\/p>\n\t\t\t\t<img decoding=\"async\" src=\"https:\/\/zigfred.ch\/wp-content\/uploads\/2021\/09\/Installation_1.svg\" alt=\"Installation_1\" itemprop=\"image\" height=\"0\" width=\"0\" title=\"Installation_1\" onerror=\"this.style.display='none'\" loading=\"lazy\" \/>\n\t\t\t\t<img decoding=\"async\" src=\"https:\/\/zigfred.ch\/wp-content\/uploads\/2021\/09\/plus_B160.svg\" alt=\"plus_B160\" itemprop=\"image\" height=\"0\" width=\"0\" title=\"plus_B160\" onerror=\"this.style.display='none'\" loading=\"lazy\" \/>\n\t<p>Vous n\u2019avez besoin que de deux choses pour l\u2019installation: un tournevis cruciforme et un tournevis plat. Avec un petit peu de savoir-faire, vous vous en sortirez tout seul.<\/p>\n<p>Praktisch: Der zigfred passt auf jede normale Unterputzdose. Zus\u00e4tzliche Hardware gibt es nicht. Und f\u00fcr Mehrfachanordnungen unterst\u00fctzen wir die g\u00e4ngigen Montagebleche und Abdeckrahmen. Ausreden gibt&#8217;s also keine mehr.<\/p>\n\t\t\t<video src=\"https:\/\/zigfred.ch\/wp-content\/uploads\/2021\/01\/montage_dark_h264.mp4\" autoplay=\"\" webkit-playsinline=\"\" playsinline=\"\" loop=\"\" muted=\"muted\" controlslist=\"nodownload\"><\/video>\n<h1>\n\t\t\t<strong>zigfred<\/strong> ne conna\u00eet pas de restrictions artificielles\t<\/h1>\n\t\t\t\t<a href=\"https:\/\/en.wikipedia.org\/wiki\/Bluetooth_Low_Energy\"  target=\"_blank\" rel=\"noopener\"  itemprop=\"url\">\n\t\t\t\t<img decoding=\"async\" src=\"https:\/\/zigfred.ch\/wp-content\/uploads\/2020\/09\/bluetooth.svg\" alt=\"bluetooth\" itemprop=\"image\" height=\"0\" width=\"0\" title=\"bluetooth\" onerror=\"this.style.display='none'\" loading=\"lazy\" \/>\n\t\t\t\t<\/a>\n\t\t\t\t<img decoding=\"async\" src=\"https:\/\/zigfred.ch\/wp-content\/uploads\/2024\/11\/PngItem_5806157-300x293.png\" alt=\"PngItem_5806157\" itemprop=\"image\" height=\"293\" width=\"300\" title=\"PngItem_5806157\" onerror=\"this.style.display='none'\" loading=\"lazy\" \/>\n\t\t\t\t<img decoding=\"async\" src=\"http:\/\/zigfred.ch\/wp-content\/uploads\/2024\/11\/Google-Home-Logo-300x169.png\" alt=\"Google-Home-Logo\" itemprop=\"image\" title=\"Google-Home-Logo\" onerror=\"this.style.display='none'\" loading=\"lazy\" \/>\n\t\t\t\t<img decoding=\"async\" src=\"https:\/\/zigfred.ch\/wp-content\/uploads\/2021\/09\/ikea.svg\" alt=\"ikea\" itemprop=\"image\" height=\"100\" width=\"100\" title=\"ikea\" onerror=\"this.style.display='none'\" loading=\"lazy\" \/>\n\t\t\t\t<img decoding=\"async\" src=\"https:\/\/zigfred.ch\/wp-content\/uploads\/2021\/09\/philips.svg\" alt=\"philips\" itemprop=\"image\" height=\"100\" width=\"100\" title=\"philips\" onerror=\"this.style.display='none'\" loading=\"lazy\" \/>\n\t<p>Der zigfred ist kompatibel mit fast allen erh\u00e4ltlichen Zigbee-Komponenten, mit den meisten Leuchtmittel von Philips Hue oder IKEA TR\u00c5DFRI etwa. Nutzt du ein System mit Gateway* (z. B. Philips Hue) kann zigfred einfach angemeldet werden und sowohl beliebige Leuchtmittel steuern als auch die integrierten Schalt- und Dimmerkan\u00e4le \u00fcber die App und Schnittstellen des Anbieters wie Google Home, Amazon Alexa oder Apple HomeKit** offenlegen. \u00dcbrigens: F\u00fcr neue Entwicklungen und Funkstandards ist zigfred gewappnet.\u00a0\u00a0<\/p>\n\t<p><small>* Das Gateway muss Ger\u00e4te von Drittherstellern zulassen. Siehe <a href=\"https:\/\/www.zigfred.ch\/fr\/specs\/#compatibility\">compatibilit\u00e9<\/a>.<\/small><small>F\u00fcr Cloud-Funktionalit\u00e4t ist entsprechende Unterst\u00fctzung notwendig (z. B. Philips Hue Bridge). Die Philips Hue Bridge unterst\u00fctzt nur Leuchten, keine Storen.<\/small><\/p>\n<p><small>\u00a0** Int\u00e9gration HomeKit via une passerelle compatible (par ex. Philips Hue Bridge, Home Assistant).<\/small><\/p>\n\t\t\t\t<img decoding=\"async\" src=\"https:\/\/zigfred.ch\/wp-content\/uploads\/2020\/09\/philips_hue_gateway.svg\" alt=\"Philips Hue&lt;br&gt;Gateway\" itemprop=\"image\" height=\"100\" width=\"100\" title=\"philips_hue_gateway\" onerror=\"this.style.display='none'\" loading=\"lazy\" \/>\n\t\t\t\t<img decoding=\"async\" src=\"https:\/\/zigfred.ch\/wp-content\/uploads\/2020\/09\/tradfri_bulb.svg\" alt=\"IKEA TR&Aring;DFRI&lt;br&gt;Gl&uuml;hbirne\" itemprop=\"image\" height=\"100\" width=\"100\" title=\"tradfri_bulb\" onerror=\"this.style.display='none'\" loading=\"lazy\" \/>\n\t\t\t\t<img decoding=\"async\" src=\"https:\/\/zigfred.ch\/wp-content\/uploads\/2020\/09\/philips_hue_remote.svg\" alt=\"Philips Hue&lt;br&gt;Fernbedienung\" itemprop=\"image\" height=\"100\" width=\"100\" title=\"philips_hue_remote\" onerror=\"this.style.display='none'\" loading=\"lazy\" \/>\n\t\t\t\t<img decoding=\"async\" src=\"https:\/\/zigfred.ch\/wp-content\/uploads\/2020\/09\/google_home.svg\" alt=\"Google Home\" itemprop=\"image\" height=\"100\" width=\"100\" title=\"google_home\" onerror=\"this.style.display='none'\" loading=\"lazy\" \/>\n\t\t\t\t<img decoding=\"async\" src=\"https:\/\/zigfred.ch\/wp-content\/uploads\/2020\/09\/philips_bue_bulb.svg\" alt=\"Philips Hue&lt;br&gt;Gl&uuml;hbirne\" itemprop=\"image\" height=\"100\" width=\"100\" title=\"philips_bue_bulb\" onerror=\"this.style.display='none'\" loading=\"lazy\" \/>\n\tPour les plafonniers, les interrupteurs<br \/>\n\u00e0 alternance et les prises de commutation.\n\t\t\t\t<img decoding=\"async\" src=\"https:\/\/zigfred.ch\/wp-content\/plugins\/bb-plugin\/img\/pixel.png\" alt=\"\" itemprop=\"image\" onerror=\"this.style.display='none'\" loading=\"lazy\" \/>\n\t\t\t\t<img decoding=\"async\" src=\"https:\/\/zigfred.ch\/wp-content\/uploads\/2021\/09\/zigfred_uno.png\" alt=\"zigfred_uno\" itemprop=\"image\" height=\"934\" width=\"1294\" title=\"zigfred_uno\" onerror=\"this.style.display='none'\" loading=\"lazy\" \/>\n\t\t\t\t<img decoding=\"async\" src=\"https:\/\/zigfred.ch\/wp-content\/uploads\/2021\/09\/zig_uno_B160.svg\" alt=\"zig_uno_B160\" itemprop=\"image\" height=\"0\" width=\"0\" title=\"zig_uno_B160\" onerror=\"this.style.display='none'\" loading=\"lazy\" \/>\n\tPour une utilisation combin\u00e9e<br \/>\ndes lampes et des stores.\n\t\t\t\t<img decoding=\"async\" src=\"https:\/\/zigfred.ch\/wp-content\/uploads\/2021\/09\/zigfred_uno.png\" alt=\"zigfred_uno\" itemprop=\"image\" height=\"934\" width=\"1294\" title=\"zigfred_uno\" onerror=\"this.style.display='none'\" loading=\"lazy\" \/>\n\t\t\t\t<img decoding=\"async\" src=\"https:\/\/zigfred.ch\/wp-content\/plugins\/bb-plugin\/img\/pixel.png\" alt=\"\" itemprop=\"image\" onerror=\"this.style.display='none'\" loading=\"lazy\" \/>\n\t\t\t\t<img decoding=\"async\" src=\"https:\/\/zigfred.ch\/wp-content\/uploads\/2021\/09\/zig_plus_B160.svg\" alt=\"zig_plus_B160\" itemprop=\"image\" height=\"0\" width=\"0\" title=\"zig_plus_B160\" onerror=\"this.style.display='none'\" loading=\"lazy\" \/>\n\t\t\t<h2>Deux versions.<br \/>Tous les possibles.<\/h2>\t\t\t\n\t\t\t\t<p>Que vous optiez pour la variante uno ou plus: vous disposez dans tous les cas du module de touches et de tous les dessus de touche. Choisissez simplement la variante dont vous avez actuellement besoin: avec une, deux, trois ou quatre touches. Et en cas de besoin, vous pouvez changer le dessus en un tournemain.<\/p>\n<p>Und eben: zigfred ist modular konzipiert &#8211; also problemlos erweiterbar und zukunftssicher.<\/p>\n\t\t\t\t<img decoding=\"async\" src=\"https:\/\/zigfred.ch\/wp-content\/uploads\/2021\/01\/Variation-grid-714x1024.png\" alt=\"Variation grid\" itemprop=\"image\" height=\"1024\" width=\"714\" title=\"Variation grid\" onerror=\"this.style.display='none'\" loading=\"lazy\" \/>\n\t\t\t<h2><strong>Philips Hue et zigfred:<\/strong><br \/> Sara a compris le truc.<\/h2>\t\t\t\n\t\t\t\t<p>Sara est une fut\u00e9e. Elle s\u2019est achet\u00e9 un syst\u00e8me Philips Hue. Piloter l\u2019\u00e9clairage de l\u2019appartement avec une application, quoi de plus cool et pratique \u00e0 la fois?<\/p>\n<p>Nun, mit den Hue-Fernbedienungen zus\u00e4tzlich zu jedem Lichtschalter vielleicht doch nicht sooo praktisch. Wenn Sara im Schuss ist &#8211; und wann ist man das nicht?\u00a0 &#8211; dr\u00fcckt sie den alten Schalter. Die Kinder sowieso. So fehlt den Hue-Lampen immer mal wieder der Strom. M\u00fchsam.<\/p>\n<p>Mais heureusement Sara a d\u00e9couvert zigfred. Elle a d\u00e9j\u00e0 remplac\u00e9 les principaux interrupteurs de lumi\u00e8re. Et les t\u00e9l\u00e9commandes Hue sont rel\u00e9gu\u00e9es au tiroir. Logique, les interrupteurs zigfred sont directement reli\u00e9s au syst\u00e8me Philips Hue. Et ce n\u2019est pas tout: avec le canal de commutation zigfred, la belle lampe de table \u00e0 manger \u00e0 LED est \u00e9galement int\u00e9gr\u00e9e au r\u00e9seau Philips Hue bien qu\u2019elle ne soit plus toute neuve. Super!<\/p>\n\u00a0\n\u00a0\n\t\t\t\t<img decoding=\"async\" src=\"https:\/\/zigfred.ch\/wp-content\/uploads\/2021\/01\/AdobeStock_325403237-1536x864.jpeg\" alt=\"Portrait of Young Beautiful Woman Using Smartphone, Browsing in Internet, Checking Social Networks and Using Smart Home Application while Standing At Home. Cozy Evening.\" itemprop=\"image\" height=\"864\" width=\"1536\" title=\"Portrait of Young Beautiful Woman Using Smartphone, Browsing in Internet, Checking Social Networks and Using Smart Home Application while Standing At Home. Cozy Evening.\" onerror=\"this.style.display='none'\" loading=\"lazy\" \/>\n\t\t\t<h3>zigfred dans l'actualit\u00e9<\/h3>\t\t\t\n\t\t\t\t<p><a href=\"https:\/\/www.smart-haus.blog\/meine-erfahrungen-mit-dem-smarten-schalter-zigfred\/\" target=\"_blank\" rel=\"noopener\"><img decoding=\"async\" src=\"https:\/\/zigfred.ch\/wp-content\/uploads\/2022\/05\/Smart_Home_Logo_Final.png\" alt=\"Smart Haus Blog\" width=\"272\" height=\"90\" \/><\/a><\/p>\n<p><a href=\"https:\/\/internetderdinge.blog\/wir-stellen-vor-zigfred-der-schlaue-smart-home-lichtschalter\/\" target=\"_blank\" rel=\"noopener\"><img decoding=\"async\" src=\"https:\/\/zigfred.ch\/wp-content\/uploads\/2020\/09\/internetderdingelogo.png\" alt=\"InternetderDinge.blog\" \/><\/a><\/p>\n<p><a href=\"https:\/\/technikblog.ch\/2019\/09\/zigfred-crowdfunding-fuer-schlauen-zigbee-smarthome-schalter-laeuft\" target=\"_blank\" rel=\"noopener\"><img decoding=\"async\" src=\"https:\/\/zigfred.ch\/wp-content\/uploads\/2020\/09\/technikblog_logo_760.png\" alt=\"Technikblog\" \/><\/a><\/p>\n\t\t\t<h3>Nos partenaires<\/h3>\t\t\t\n\t\t\t\t<p><a href=\"https:\/\/technokrat.ch\/\" target=\"_blank\" rel=\"noopener\"><img decoding=\"async\" src=\"https:\/\/zigfred.ch\/wp-content\/uploads\/2022\/01\/svg_banner-light.svg\" alt=\"Technokrat\" height=\"32\" \/><\/a><\/p>\n<h1>\n\t\t\tNewsletter\t<\/h1>\n\t\t\t\t\t\t\t<h4>Was gibt&#8217;s Neues? Bleibe immer auf dem Laufenden.<\/h4>\n\t\t\t\t<!-- Inline Block Space Fix\n\t\t\t\t-->\n\t\t\t\t<!-- Inline Block Space Fix\n\t\t\t\t-->\n\t\t\t\t\t<input type=\"email\" name=\"uabb-subscribe-form-email\" aria-label=\"email\" placeholder=\"\" \/>\n\t\t\t\t\t\t\t\t\t\t<label for=\"uabb-subscribe-form-email\">Adresse e-mail<\/label>\n\t\t\t\t\t\t\t\t\t\t\t!\n\t\t\t\t<!-- Inline Block Space Fix\n\t\t\t\t--><!-- Inline Block Space Fix\n\t\t\t\t-->\n\t\t\t<a href=\"#\" title=\"Hier klicken\" target=\"_self\"   role=\"button\" aria-label=\"S&#039;abonner\">\n\t\t\t\t\t\t\t\t\t\t\tS'abonner\n\t\t<\/a>\n\t\t\t\t\t\t<p>\u00a0<\/p>\u00a0\n\t\t\t\t\t\t\tEtwas ist schiefgelaufen. Bitte \u00fcberpr\u00fcfen Sie Ihre Eingaben und versuchen Sie es erneut.\n\tMit der Anmeldung stimmst du dem Erhalt unseres Newsletters \u00fcber Mailchimp zu.<br \/>\n<a href=\"https:\/\/www.zigfred.ch\/fr\/datenschutzerklaerung-e-mail-newsletter\/\">Mehr Infos<\/a>","protected":false},"excerpt":{"rendered":"<p>Tausche deinen Lichtschalter gegen zigfred und verbinde beliebige Lampen mit der Philips Hue Bridge. Und \u00fcber die Tasten kannst du weitere zigfred und smarte Leuchtmittel direkt mitsteuern. Schalte bequem alle Lampen beim Verlassen der Wohnung mit einem Knopfdruck aus. Dimme die Deckenspots im Gang ganz easy per Sprachbefehl von deinem Sofa aus. Du stehst auf [&hellip;]<\/p>\n","protected":false},"author":5,"featured_media":0,"parent":0,"menu_order":0,"comment_status":"closed","ping_status":"closed","template":"","meta":{"_seopress_robots_primary_cat":"","_seopress_titles_title":"zigfred - der kompatible Schalter f\u00fcr dein Smart Home","_seopress_titles_desc":"Cleveres Wohnen f\u00fcr alle, einfach und schnell. zigfred hast du mit wenigen Handgriffen eingebaut.","_seopress_robots_index":"","site-sidebar-layout":"default","site-content-layout":"default","ast-site-content-layout":"default","site-content-style":"default","site-sidebar-style":"default","ast-global-header-display":"","ast-banner-title-visibility":"","ast-main-header-display":"","ast-hfb-above-header-display":"","ast-hfb-below-header-display":"","ast-hfb-mobile-header-display":"","site-post-title":"disabled","ast-breadcrumbs-content":"","ast-featured-img":"","footer-sml-layout":"","ast-disable-related-posts":"","theme-transparent-header-meta":"default","adv-header-id-meta":"","stick-header-meta":"default","header-above-stick-meta":"","header-main-stick-meta":"","header-below-stick-meta":"","astra-migrate-meta-layouts":"set","ast-page-background-enabled":"default","ast-page-background-meta":{"desktop":{"background-color":"","background-image":"","background-repeat":"repeat","background-position":"center center","background-size":"auto","background-attachment":"scroll","background-type":"","background-media":"","overlay-type":"","overlay-color":"","overlay-opacity":"","overlay-gradient":""},"tablet":{"background-color":"","background-image":"","background-repeat":"repeat","background-position":"center center","background-size":"auto","background-attachment":"scroll","background-type":"","background-media":"","overlay-type":"","overlay-color":"","overlay-opacity":"","overlay-gradient":""},"mobile":{"background-color":"","background-image":"","background-repeat":"repeat","background-position":"center center","background-size":"auto","background-attachment":"scroll","background-type":"","background-media":"","overlay-type":"","overlay-color":"","overlay-opacity":"","overlay-gradient":""}},"ast-content-background-meta":{"desktop":{"background-color":"var(--ast-global-color-5)","background-image":"","background-repeat":"repeat","background-position":"center center","background-size":"auto","background-attachment":"scroll","background-type":"","background-media":"","overlay-type":"","overlay-color":"","overlay-opacity":"","overlay-gradient":""},"tablet":{"background-color":"var(--ast-global-color-5)","background-image":"","background-repeat":"repeat","background-position":"center center","background-size":"auto","background-attachment":"scroll","background-type":"","background-media":"","overlay-type":"","overlay-color":"","overlay-opacity":"","overlay-gradient":""},"mobile":{"background-color":"var(--ast-global-color-5)","background-image":"","background-repeat":"repeat","background-position":"center center","background-size":"auto","background-attachment":"scroll","background-type":"","background-media":"","overlay-type":"","overlay-color":"","overlay-opacity":"","overlay-gradient":""}},"footnotes":""},"class_list":["post-1291","page","type-page","status-publish","hentry"],"_links":{"self":[{"href":"https:\/\/www.zigfred.ch\/fr\/wp-json\/wp\/v2\/pages\/1291","targetHints":{"allow":["GET"]}}],"collection":[{"href":"https:\/\/www.zigfred.ch\/fr\/wp-json\/wp\/v2\/pages"}],"about":[{"href":"https:\/\/www.zigfred.ch\/fr\/wp-json\/wp\/v2\/types\/page"}],"author":[{"embeddable":true,"href":"https:\/\/www.zigfred.ch\/fr\/wp-json\/wp\/v2\/users\/5"}],"replies":[{"embeddable":true,"href":"https:\/\/www.zigfred.ch\/fr\/wp-json\/wp\/v2\/comments?post=1291"}],"version-history":[{"count":6,"href":"https:\/\/www.zigfred.ch\/fr\/wp-json\/wp\/v2\/pages\/1291\/revisions"}],"predecessor-version":[{"id":3373,"href":"https:\/\/www.zigfred.ch\/fr\/wp-json\/wp\/v2\/pages\/1291\/revisions\/3373"}],"wp:attachment":[{"href":"https:\/\/www.zigfred.ch\/fr\/wp-json\/wp\/v2\/media?parent=1291"}],"curies":[{"name":"wp","href":"https:\/\/api.w.org\/{rel}","templated":true}]}}