{"id":3301,"date":"2025-05-30T14:46:05","date_gmt":"2025-05-30T12:46:05","guid":{"rendered":"https:\/\/www.zigfred.ch\/?page_id=3301"},"modified":"2025-05-30T14:47:37","modified_gmt":"2025-05-30T12:47:37","slug":"datenschutzerklaerung-e-mail-newsletter","status":"publish","type":"page","link":"https:\/\/www.zigfred.ch\/en\/datenschutz\/datenschutzerklaerung-e-mail-newsletter\/","title":{"rendered":"Datenschutzerkl\u00e4rung E-Mail Newsletter"},"content":{"rendered":"<h2>Privacy Policy for the use of the email newsletter<\/h2>\r\n<p><strong data-start=\"244\" data-end=\"304\">Privacy Policy for sending newsletters via Mailchimp<\/strong> Wir verwenden f\u00fcr den Versand unseres Newsletters den Dienst Mailchimp der The Rocket Science Group LLC, 675 Ponce De Leon Ave NE, Suite 5000, Atlanta, GA 30308, USA. Mailchimp ist ein Anbieter von E-Mail-Marketing-Dienstleistungen, der uns dabei unterst\u00fctzt, Newsletter an unsere Abonnenten zu versenden und den Versand zu analysieren. Wenn du dich f\u00fcr unseren Newsletter anmeldest, werden deine E-Mail-Adresse und weitere freiwillig angegebene Daten an Mailchimp \u00fcbertragen und dort gespeichert. Mailchimp nutzt diese Daten ausschlie\u00dflich im Auftrag und nach Weisung von uns. Mailchimp verwendet Tracking-Technologien wie sogenannte \u201eCookies&#8220;, um Informationen dar\u00fcber zu sammeln, ob und wann eine E-Mail ge\u00f6ffnet wurde oder ob Links angeklickt wurden. Diese Informationen helfen uns, unseren Newsletter zu verbessern. Die Verarbeitung deiner Daten erfolgt auf Basis deiner Einwilligung (Art. 6 Abs. 1 lit. a DSGVO) und dient dem Zweck, dir unseren Newsletter zuzusenden. Weitere Informationen zur Datenverarbeitung und zum Datenschutz bei Mailchimp findest du hier: <a target=\"_new\" rel=\"noopener\" data-start=\"1379\" data-end=\"1455\">https:\/\/mailchimp.com\/legal\/privacy\/<\/a>. Du kannst deine Einwilligung zum Erhalt des Newsletters jederzeit widerrufen, z. B. \u00fcber den Abmeldelink am Ende jedes Newsletters.<\/p>","protected":false},"excerpt":{"rendered":"<p>Datenschutzerkl\u00e4rung f\u00fcr die Verwendung des Email-Newsletters Datenschutzerkl\u00e4rung zum Newsletterversand mit Mailchimp Wir verwenden f\u00fcr den Versand unseres Newsletters den Dienst Mailchimp der The Rocket Science Group LLC, 675 Ponce De Leon Ave NE, Suite 5000, Atlanta, GA 30308, USA. Mailchimp ist ein Anbieter von E-Mail-Marketing-Dienstleistungen, der uns dabei unterst\u00fctzt, Newsletter an unsere Abonnenten zu versenden [&hellip;]<\/p>\n","protected":false},"author":280,"featured_media":0,"parent":297,"menu_order":0,"comment_status":"closed","ping_status":"closed","template":"","meta":{"_seopress_robots_primary_cat":"","_seopress_titles_title":"","_seopress_titles_desc":"","_seopress_robots_index":"","site-sidebar-layout":"no-sidebar","site-content-layout":"page-builder","ast-site-content-layout":"default","site-content-style":"default","site-sidebar-style":"default","ast-global-header-display":"","ast-banner-title-visibility":"","ast-main-header-display":"","ast-hfb-above-header-display":"","ast-hfb-below-header-display":"","ast-hfb-mobile-header-display":"","site-post-title":"disabled","ast-breadcrumbs-content":"","ast-featured-img":"disabled","footer-sml-layout":"","ast-disable-related-posts":"","theme-transparent-header-meta":"default","adv-header-id-meta":"","stick-header-meta":"default","header-above-stick-meta":"","header-main-stick-meta":"","header-below-stick-meta":"","astra-migrate-meta-layouts":"set","ast-page-background-enabled":"default","ast-page-background-meta":{"desktop":{"background-color":"","background-image":"","background-repeat":"repeat","background-position":"center center","background-size":"auto","background-attachment":"scroll","background-type":"","background-media":"","overlay-type":"","overlay-color":"","overlay-opacity":"","overlay-gradient":""},"tablet":{"background-color":"","background-image":"","background-repeat":"repeat","background-position":"center center","background-size":"auto","background-attachment":"scroll","background-type":"","background-media":"","overlay-type":"","overlay-color":"","overlay-opacity":"","overlay-gradient":""},"mobile":{"background-color":"","background-image":"","background-repeat":"repeat","background-position":"center center","background-size":"auto","background-attachment":"scroll","background-type":"","background-media":"","overlay-type":"","overlay-color":"","overlay-opacity":"","overlay-gradient":""}},"ast-content-background-meta":{"desktop":{"background-color":"var(--ast-global-color-5)","background-image":"","background-repeat":"repeat","background-position":"center center","background-size":"auto","background-attachment":"scroll","background-type":"","background-media":"","overlay-type":"","overlay-color":"","overlay-opacity":"","overlay-gradient":""},"tablet":{"background-color":"var(--ast-global-color-5)","background-image":"","background-repeat":"repeat","background-position":"center center","background-size":"auto","background-attachment":"scroll","background-type":"","background-media":"","overlay-type":"","overlay-color":"","overlay-opacity":"","overlay-gradient":""},"mobile":{"background-color":"var(--ast-global-color-5)","background-image":"","background-repeat":"repeat","background-position":"center center","background-size":"auto","background-attachment":"scroll","background-type":"","background-media":"","overlay-type":"","overlay-color":"","overlay-opacity":"","overlay-gradient":""}},"footnotes":""},"class_list":["post-3301","page","type-page","status-publish","hentry"],"_links":{"self":[{"href":"https:\/\/www.zigfred.ch\/en\/wp-json\/wp\/v2\/pages\/3301","targetHints":{"allow":["GET"]}}],"collection":[{"href":"https:\/\/www.zigfred.ch\/en\/wp-json\/wp\/v2\/pages"}],"about":[{"href":"https:\/\/www.zigfred.ch\/en\/wp-json\/wp\/v2\/types\/page"}],"author":[{"embeddable":true,"href":"https:\/\/www.zigfred.ch\/en\/wp-json\/wp\/v2\/users\/280"}],"replies":[{"embeddable":true,"href":"https:\/\/www.zigfred.ch\/en\/wp-json\/wp\/v2\/comments?post=3301"}],"version-history":[{"count":3,"href":"https:\/\/www.zigfred.ch\/en\/wp-json\/wp\/v2\/pages\/3301\/revisions"}],"predecessor-version":[{"id":3307,"href":"https:\/\/www.zigfred.ch\/en\/wp-json\/wp\/v2\/pages\/3301\/revisions\/3307"}],"up":[{"embeddable":true,"href":"https:\/\/www.zigfred.ch\/en\/wp-json\/wp\/v2\/pages\/297"}],"wp:attachment":[{"href":"https:\/\/www.zigfred.ch\/en\/wp-json\/wp\/v2\/media?parent=3301"}],"curies":[{"name":"wp","href":"https:\/\/api.w.org\/{rel}","templated":true}]}}