{"id":2622,"date":"2022-08-22T17:23:54","date_gmt":"2022-08-22T15:23:54","guid":{"rendered":"https:\/\/www.zigfred.ch\/?page_id=2622"},"modified":"2025-01-23T09:44:18","modified_gmt":"2025-01-23T08:44:18","slug":"planung-installation","status":"publish","type":"page","link":"https:\/\/www.zigfred.ch\/en\/planung-installation\/","title":{"rendered":"Planning and installation"},"content":{"rendered":"<nav>\r\n<ul>\r\n<li tabindex=\"0\" data-index=\"0\">\r\n<h4><a tabindex=\"-1\">For end customers and builders <\/a><\/h4>\r\n<\/li>\r\n<li tabindex=\"0\" data-index=\"1\">\r\n<h4><a tabindex=\"-1\">For electricians and construction professionals <\/a><\/h4>\r\n<\/li>\r\n<li tabindex=\"0\" data-index=\"2\">\r\n<h4><a tabindex=\"-1\">For nerds and tech enthusiasts <\/a><\/h4>\r\n<\/li>\r\n<\/ul>\r\n<\/nav>\r\n<h4>For end customers and builders<\/h4>\r\n<div class=\"fl-builder-content fl-builder-content-3233 fl-builder-template fl-builder-row-template fl-builder-global-templates-locked\" data-post-id=\"3233\"><div class=\"fl-row fl-row-fixed-width fl-row-bg-none fl-node-8qbl2hnyx16z fl-row-default-height fl-row-align-center\" data-node=\"8qbl2hnyx16z\">\n\t<div class=\"fl-row-content-wrap\">\n\t\t<div class=\"uabb-row-separator uabb-top-row-separator\" >\n<\/div>\n\t\t\t\t\t\t<div class=\"fl-row-content fl-row-fixed-width fl-node-content\">\n\t\t\n<div class=\"fl-col-group fl-node-2wn4s51mve70\" data-node=\"2wn4s51mve70\">\n\t\t\t<div class=\"fl-col fl-node-0pls91ye6ut3 fl-col-bg-color fl-col-small\" data-node=\"0pls91ye6ut3\">\n\t<div class=\"fl-col-content fl-node-content\"><div class=\"fl-module fl-module-rich-text fl-node-dft3kw8rg5zm\" data-node=\"dft3kw8rg5zm\">\n\t<div class=\"fl-module-content fl-node-content\">\n\t\t<div class=\"fl-rich-text\">\n\t<p>Are you planning your new or renovated smart dream home, but want to leave the detailed selection, planning, and configuration of your products to a professional?<\/p>\n<\/div>\n\t<\/div>\n<\/div>\n<div class=\"fl-module fl-module-info-box fl-node-idthur1nalok\" data-node=\"idthur1nalok\">\n\t<div class=\"fl-module-content fl-node-content\">\n\t\t<div class=\"uabb-module-content uabb-infobox infobox-left\">\n\t<div class=\"uabb-infobox-left-right-wrap\">\n\t<div class=\"uabb-infobox-content\">\n\t\t\t<div class='uabb-infobox-title-wrap'><h3 class=\"uabb-infobox-title\">Competent planning and configuration<\/h3><\/div>\t\t\t<div class=\"uabb-infobox-text-wrap\">\n\t\t\t\t<div class=\"uabb-infobox-text uabb-text-editor\"><p>We understand that you can\u2019t always be MacGyver on your own construction site. We\u2019ll gladly design the smart home that fits you perfectly.<\/p>\n<ul>\n<li>Concept and planning (e.g., selection of control elements, actuators, sensors)<\/li>\n<li>Configuration and integration (lights, blinds, garage door, wallbox, etc.)<\/li>\n<li>Automations (e.g., blind control, ventilation management)<\/li>\n<li>Remote control and remote maintenance<\/li>\n<li>Custom control interfaces (e.g., tablets, displays)<\/li>\n<\/ul>\n<p>In the German-speaking part of Switzerland, our team discusses your ideas with you and creates a customized plan. Then we or your electrician install the products in your home and configure everything according to your wishes.<\/p>\n<\/div>\t\t\t<\/div>\n\t\t\t\t\t\t<\/div>\t<\/div>\n<\/div>\n\t<\/div>\n<\/div>\n<div class=\"fl-module fl-module-info-box fl-node-i01g7c9v5oqy\" data-node=\"i01g7c9v5oqy\">\n\t<div class=\"fl-module-content fl-node-content\">\n\t\t<div class=\"uabb-module-content uabb-infobox infobox-left\">\n\t<div class=\"uabb-infobox-left-right-wrap\">\n\t<div class=\"uabb-infobox-content\">\n\t\t\t<div class='uabb-infobox-title-wrap'><h3 class=\"uabb-infobox-title\">Tenant? No problem!<\/h3><\/div>\t\t\t<div class=\"uabb-infobox-text-wrap\">\n\t\t\t\t<div class=\"uabb-infobox-text uabb-text-editor\"><p>Because we can freely choose our components from numerous manufacturers, we can also put together a smart home for you using tenant-friendly components. These either require no changes to the installation or the original state can be easily restored. This way, you don\u2019t have to go through the hassle of getting your landlord\u2019s approval. If needed, we\u2019re happy to restore your property to its original state when you move out.<\/p>\n<\/div>\t\t\t<\/div>\n\t\t\t\t\t\t<\/div>\t<\/div>\n<\/div>\n\t<\/div>\n<\/div>\n<div class=\"fl-module fl-module-info-box fl-node-ovt3gawesnp2\" data-node=\"ovt3gawesnp2\">\n\t<div class=\"fl-module-content fl-node-content\">\n\t\t<div class=\"uabb-module-content uabb-infobox infobox-left\">\n\t<div class=\"uabb-infobox-left-right-wrap\">\n\t<div class=\"uabb-infobox-content\">\n\t\t\t<div class='uabb-infobox-title-wrap'><h3 class=\"uabb-infobox-title\">Reliable maintenance and support<\/h3><\/div>\t\t\t<div class=\"uabb-infobox-text-wrap\">\n\t\t\t\t<div class=\"uabb-infobox-text uabb-text-editor\"><p>A smart home, like any IT system, needs some maintenance: we\u2019re happy to perform updates and adjustments for you as a subscription or on request. In case of problems, we respond quickly and can also assist remotely if desired.<\/p>\n<\/div>\t\t\t<\/div>\n\t\t\t\t\t\t<\/div>\t<\/div>\n<\/div>\n\t<\/div>\n<\/div>\n<div class=\"fl-module fl-module-info-box fl-node-79p8fegcht2m\" data-node=\"79p8fegcht2m\">\n\t<div class=\"fl-module-content fl-node-content\">\n\t\t<div class=\"uabb-module-content uabb-infobox infobox-left\">\n\t<div class=\"uabb-infobox-left-right-wrap\">\n\t<div class=\"uabb-infobox-content\">\n\t\t\t<div class='uabb-infobox-title-wrap'><h3 class=\"uabb-infobox-title\">Cost control<\/h3><\/div>\t\t\t<div class=\"uabb-infobox-text-wrap\">\n\t\t\t\t<div class=\"uabb-infobox-text uabb-text-editor\"><p>Shocked by your electrician\u2019s quote? You don\u2019t have to give up on smart home! We build your smart home with a harmonious combination of freely available components from various manufacturers, carefully tested for quality, functionality, and reliability. This way, we can offer you a system up to 75% cheaper than complete systems from a single manufacturer. Another advantage: you won\u2019t be tied to a specific manufacturer in the future.<\/p>\n<\/div>\t\t\t<\/div>\n\t\t\t\t\t\t<\/div>\t<\/div>\n<\/div>\n\t<\/div>\n<\/div>\n<div class=\"fl-module fl-module-info-box fl-node-r3abstkfgem5\" data-node=\"r3abstkfgem5\">\n\t<div class=\"fl-module-content fl-node-content\">\n\t\t<div class=\"uabb-module-content uabb-infobox infobox-left\">\n\t<div class=\"uabb-infobox-left-right-wrap\">\n\t<div class=\"uabb-infobox-content\">\n\t\t\t<div class='uabb-infobox-title-wrap'><h3 class=\"uabb-infobox-title\">Let\u2019s go<\/h3><\/div>\t\t\t<div class=\"uabb-infobox-text-wrap\">\n\t\t\t\t<div class=\"uabb-infobox-text uabb-text-editor\"><p class=\"translation-block\">Our team looks forward to hearing from you at <a href=\"mailto:planung@zigfred.ch\" target=\"_self\">planung@zigfred.ch\n<\/a>.<\/p>\n<\/div>\t\t\t<\/div>\n\t\t\t\t\t\t<\/div>\t<\/div>\n<\/div>\n\t<\/div>\n<\/div>\n<\/div>\n<\/div>\n\t\t\t<div class=\"fl-col fl-node-6bwra81epuyx fl-col-bg-color fl-col-small\" data-node=\"6bwra81epuyx\">\n\t<div class=\"fl-col-content fl-node-content\"><div class=\"fl-module fl-module-uabb-photo fl-node-cs9qyxj51wro\" data-node=\"cs9qyxj51wro\">\n\t<div class=\"fl-module-content fl-node-content\">\n\t\t<div class=\"uabb-module-content uabb-photouabb-photo-align-center uabb-photo-mob-align-center\" itemscope itemtype=\"https:\/\/schema.org\/ImageObject\">\n\t<div class=\"uabb-photo-content\">\n\n\t\t\t\t<img decoding=\"async\" class=\"uabb-photo-img wp-image-1906\" src=\"https:\/\/www.zigfred.ch\/wp-content\/uploads\/bb-plugin\/cache\/ZIG_WEB_Mood_T_03_211021-1536x904-square.jpg\" alt=\"ZIG_WEB_Mood_T_03_211021\" title=\"ZIG_WEB_Mood_T_03_211021\" itemprop=\"image\"  \/>\n\n\t\t\t\t\t<\/div>\n\t<\/div>\n\t<\/div>\n<\/div>\n<\/div>\n<\/div>\n\t<\/div>\n\t\t<\/div>\n\t<\/div>\n<\/div>\n<\/div><div class=\"uabb-js-breakpoint\" style=\"display: none;\"><\/div>\r\n<h4>For electricians and construction professionals<\/h4>\r\n<div class=\"fl-builder-content fl-builder-content-3238 fl-builder-template fl-builder-row-template fl-builder-global-templates-locked\" data-post-id=\"3238\"><div class=\"fl-row fl-row-fixed-width fl-row-bg-none fl-node-fbjkpgaq2c5o fl-row-default-height fl-row-align-center\" data-node=\"fbjkpgaq2c5o\">\n\t<div class=\"fl-row-content-wrap\">\n\t\t<div class=\"uabb-row-separator uabb-top-row-separator\" >\n<\/div>\n\t\t\t\t\t\t<div class=\"fl-row-content fl-row-fixed-width fl-node-content\">\n\t\t\n<div class=\"fl-col-group fl-node-e5gozqukbmxj\" data-node=\"e5gozqukbmxj\">\n\t\t\t<div class=\"fl-col fl-node-6gvz5nf4lrju fl-col-bg-color fl-col-small\" data-node=\"6gvz5nf4lrju\">\n\t<div class=\"fl-col-content fl-node-content\"><div class=\"fl-module fl-module-rich-text fl-node-3c0r8gitd9nj\" data-node=\"3c0r8gitd9nj\">\n\t<div class=\"fl-module-content fl-node-content\">\n\t\t<div class=\"fl-rich-text\">\n\t<p>Our team looks forward to receiving your message at <a href=\"mailto:planung@zigfred.ch\" target=\"_self\">planung@zigfred.ch\n<\/a>.<\/p>\n<\/div>\n\t<\/div>\n<\/div>\n<div class=\"fl-module fl-module-info-box fl-node-qv5304wbp7ts\" data-node=\"qv5304wbp7ts\">\n\t<div class=\"fl-module-content fl-node-content\">\n\t\t<div class=\"uabb-module-content uabb-infobox infobox-left\">\n\t<div class=\"uabb-infobox-left-right-wrap\">\n\t<div class=\"uabb-infobox-content\">\n\t\t\t<div class='uabb-infobox-title-wrap'><h3 class=\"uabb-infobox-title\">Competent planning and configuration<\/h3><\/div>\t\t\t<div class=\"uabb-infobox-text-wrap\">\n\t\t\t\t<div class=\"uabb-infobox-text uabb-text-editor\"><p>We are happy to assist you in optimally planning and configuring zigfred for your clients. It doesn\u2019t matter whether the remaining components are supplied by us or which (compatible) gateway is used.<\/p>\n<\/div>\t\t\t<\/div>\n\t\t\t\t\t\t<\/div>\t<\/div>\n<\/div>\n\t<\/div>\n<\/div>\n<div class=\"fl-module fl-module-separator fl-node-etpm2n0h3rfs\" data-node=\"etpm2n0h3rfs\">\n\t<div class=\"fl-module-content fl-node-content\">\n\t\t<div class=\"fl-separator\"><\/div>\n\t<\/div>\n<\/div>\n<div class=\"fl-module fl-module-rich-text fl-node-phvtq6x2j980\" data-node=\"phvtq6x2j980\">\n\t<div class=\"fl-module-content fl-node-content\">\n\t\t<div class=\"fl-rich-text\">\n\t<p>Do your clients want to install a smart home solution in their home but are put off by the cost of conventional systems like KNX, Loxone, etc.?<\/p>\n<\/div>\n\t<\/div>\n<\/div>\n<div class=\"fl-module fl-module-info-box fl-node-j2ufbm5shy8o\" data-node=\"j2ufbm5shy8o\">\n\t<div class=\"fl-module-content fl-node-content\">\n\t\t<div class=\"uabb-module-content uabb-infobox infobox-left\">\n\t<div class=\"uabb-infobox-left-right-wrap\">\n\t<div class=\"uabb-infobox-content\">\n\t\t\t<div class='uabb-infobox-title-wrap'><h3 class=\"uabb-infobox-title\">Affordable and open complete systems<\/h3><\/div>\t\t\t<div class=\"uabb-infobox-text-wrap\">\n\t\t\t\t<div class=\"uabb-infobox-text uabb-text-editor\"><p>We offer a complete solution that strikes a golden mean in terms of features, purchase price, and installation effort.<\/p>\n<p>We are happy to first convince you of the quality of our products and our philosophy. Then, we assist you in planning and implementing the optimal solution for your client.<\/p>\n<ul>\n<li>Concept and planning (e.g., selection of control elements, actuators, sensors)<\/li>\n<li>Configuration and integration (lights, blinds, garage door, wallbox, etc.)<\/li>\n<li>Automations (e.g., blind control, ventilation management)<\/li>\n<li>Remote control and remote maintenance<\/li>\n<li>Custom control interfaces (e.g., tablets, displays)<\/li>\n<\/ul>\n<p>For maintenance, updates, configuration adjustments, and support cases, we are at your service or can handle them for you upon request.<\/p>\n<\/div>\t\t\t<\/div>\n\t\t\t\t\t\t<\/div>\t<\/div>\n<\/div>\n\t<\/div>\n<\/div>\n<div class=\"fl-module fl-module-separator fl-node-x2o61hwgijyk\" data-node=\"x2o61hwgijyk\">\n\t<div class=\"fl-module-content fl-node-content\">\n\t\t<div class=\"fl-separator\"><\/div>\n\t<\/div>\n<\/div>\n<div class=\"fl-module fl-module-info-box fl-node-qus5fowpeb4j\" data-node=\"qus5fowpeb4j\">\n\t<div class=\"fl-module-content fl-node-content\">\n\t\t<div class=\"uabb-module-content uabb-infobox infobox-left\">\n\t<div class=\"uabb-infobox-left-right-wrap\">\n\t<div class=\"uabb-infobox-content\">\n\t\t\t<div class='uabb-infobox-title-wrap'><h3 class=\"uabb-infobox-title\">Let\u2019s go<\/h3><\/div>\t\t\t<div class=\"uabb-infobox-text-wrap\">\n\t\t\t\t<div class=\"uabb-infobox-text uabb-text-editor\"><p class=\"translation-block\">In the German-speaking part of Switzerland, our team is happy to create a customized plan for you. We look forward to hearing from you at <a href=\"mailto:planung@zigfred.ch\" target=\"_self\">planung@zigfred.ch\n<\/a>.<\/p>\n<\/div>\t\t\t<\/div>\n\t\t\t\t\t\t<\/div>\t<\/div>\n<\/div>\n\t<\/div>\n<\/div>\n<\/div>\n<\/div>\n\t\t\t<div class=\"fl-col fl-node-fog3ue0p2hsi fl-col-bg-color fl-col-small\" data-node=\"fog3ue0p2hsi\">\n\t<div class=\"fl-col-content fl-node-content\"><div class=\"fl-module fl-module-uabb-photo fl-node-y82ejpwk5nis\" data-node=\"y82ejpwk5nis\">\n\t<div class=\"fl-module-content fl-node-content\">\n\t\t<div class=\"uabb-module-content uabb-photouabb-photo-align-center uabb-photo-mob-align-center\" itemscope itemtype=\"https:\/\/schema.org\/ImageObject\">\n\t<div class=\"uabb-photo-content\">\n\n\t\t\t\t<img decoding=\"async\" class=\"uabb-photo-img wp-image-2635\" src=\"https:\/\/www.zigfred.ch\/wp-content\/uploads\/bb-plugin\/cache\/referenz-square.jpg\" alt=\"referenz\" title=\"referenz\" itemprop=\"image\"  \/>\n\n\t\t\t\t\t<\/div>\n\t<\/div>\n\t<\/div>\n<\/div>\n<\/div>\n<\/div>\n\t<\/div>\n\t\t<\/div>\n\t<\/div>\n<\/div>\n<\/div><div class=\"uabb-js-breakpoint\" style=\"display: none;\"><\/div>\r\n<h4>For nerds and tech enthusiasts<\/h4>\r\n<div class=\"fl-builder-content fl-builder-content-3242 fl-builder-template fl-builder-row-template fl-builder-global-templates-locked\" data-post-id=\"3242\"><div class=\"fl-row fl-row-fixed-width fl-row-bg-none fl-node-vh9fkbrjwyc8 fl-row-default-height fl-row-align-center\" data-node=\"vh9fkbrjwyc8\">\n\t<div class=\"fl-row-content-wrap\">\n\t\t<div class=\"uabb-row-separator uabb-top-row-separator\" >\n<\/div>\n\t\t\t\t\t\t<div class=\"fl-row-content fl-row-fixed-width fl-node-content\">\n\t\t\n<div class=\"fl-col-group fl-node-jer9nmfwi36z\" data-node=\"jer9nmfwi36z\">\n\t\t\t<div class=\"fl-col fl-node-wycqderk9b8l fl-col-bg-color fl-col-small\" data-node=\"wycqderk9b8l\">\n\t<div class=\"fl-col-content fl-node-content\"><div class=\"fl-module fl-module-rich-text fl-node-aq0j97fztky6\" data-node=\"aq0j97fztky6\">\n\t<div class=\"fl-module-content fl-node-content\">\n\t\t<div class=\"fl-rich-text\">\n\t<p>Are you a tech enthusiast or already experienced with smart home systems? Are data privacy, future-proofing, and an open system without \"vendor lock-in\" important to you?<\/p>\n<\/div>\n\t<\/div>\n<\/div>\n<div class=\"fl-module fl-module-info-box fl-node-cnadft9yw0gb\" data-node=\"cnadft9yw0gb\">\n\t<div class=\"fl-module-content fl-node-content\">\n\t\t<div class=\"uabb-module-content uabb-infobox infobox-left\">\n\t<div class=\"uabb-infobox-left-right-wrap\">\n\t<div class=\"uabb-infobox-content\">\n\t\t\t<div class='uabb-infobox-title-wrap'><h3 class=\"uabb-infobox-title\">An open system based on open source<\/h3><\/div>\t\t\t<div class=\"uabb-infobox-text-wrap\">\n\t\t\t\t<div class=\"uabb-infobox-text uabb-text-editor\"><p class=\"translation-block\">As the central hub for our smart home systems, we use <a href=\"https:\/\/www.home-assistant.io\/\" target=\"_self\">Home Assistant<\/a>. Home Assistant is a powerful open-source software for central control and automation of your smart home. It enables seamless integration and control of a wide variety of devices from different manufacturers through a user-friendly interface. Want to use Zigbee, WiFi, and Bluetooth nodes? No problem.<\/p>\n<\/div>\t\t\t<\/div>\n\t\t\t\t\t\t<\/div>\t<\/div>\n<\/div>\n\t<\/div>\n<\/div>\n<div class=\"fl-module fl-module-info-box fl-node-j0tg2xhcsy9e\" data-node=\"j0tg2xhcsy9e\">\n\t<div class=\"fl-module-content fl-node-content\">\n\t\t<div class=\"uabb-module-content uabb-infobox infobox-left\">\n\t<div class=\"uabb-infobox-left-right-wrap\">\n\t<div class=\"uabb-infobox-content\">\n\t\t\t<div class='uabb-infobox-title-wrap'><h3 class=\"uabb-infobox-title\">Data privacy and freedom of choice<\/h3><\/div>\t\t\t<div class=\"uabb-infobox-text-wrap\">\n\t\t\t\t<div class=\"uabb-infobox-text uabb-text-editor\"><p>Thanks to local data processing, Home Assistant provides the highest security and privacy, while powerful automation features make your daily life more comfortable and efficient. All this without cloud or subscription requirements. If you wish, you can still integrate all commercial cloud-based services and, for example, use their voice assistants.<\/p>\n<\/div>\t\t\t<\/div>\n\t\t\t\t\t\t<\/div>\t<\/div>\n<\/div>\n\t<\/div>\n<\/div>\n<div class=\"fl-module fl-module-info-box fl-node-ich7slqo1k3z\" data-node=\"ich7slqo1k3z\">\n\t<div class=\"fl-module-content fl-node-content\">\n\t\t<div class=\"uabb-module-content uabb-infobox infobox-left\">\n\t<div class=\"uabb-infobox-left-right-wrap\">\n\t<div class=\"uabb-infobox-content\">\n\t\t\t<div class='uabb-infobox-title-wrap'><h3 class=\"uabb-infobox-title\">Competent planning and configuration<\/h3><\/div>\t\t\t<div class=\"uabb-infobox-text-wrap\">\n\t\t\t\t<div class=\"uabb-infobox-text uabb-text-editor\"><p>Even as a tech enthusiast, you don\u2019t always have enough time to do everything yourself during a construction phase. We\u2019re happy to share our experience with you and assist you in designing your perfect smart home. We\u2019re also open to special requests and are happy to create custom developments for you, in both software and hardware.<\/p>\n<ul>\n<li>Concept and planning (e.g., selection of control elements, actuators, sensors)<\/li>\n<li>Configuration and integration (lights, blinds, garage door, wallbox, etc.)<\/li>\n<li>Automations (e.g., blind control, ventilation management)<\/li>\n<li>Remote control and remote maintenance<\/li>\n<li>Custom control interfaces (e.g., tablets, displays)<\/li>\n<li>Custom software and hardware components<\/li>\n<\/ul>\n<p>In the German-speaking part of Switzerland, our team discusses your ideas with you and creates a customized plan. We\u2019re happy to procure and install your products in your home and configure everything according to your wishes. Of course, we\u2019re also happy to work with your electrician if needed.<\/p>\n<\/div>\t\t\t<\/div>\n\t\t\t\t\t\t<\/div>\t<\/div>\n<\/div>\n\t<\/div>\n<\/div>\n<div class=\"fl-module fl-module-info-box fl-node-25hvmxroa6jz\" data-node=\"25hvmxroa6jz\">\n\t<div class=\"fl-module-content fl-node-content\">\n\t\t<div class=\"uabb-module-content uabb-infobox infobox-left\">\n\t<div class=\"uabb-infobox-left-right-wrap\">\n\t<div class=\"uabb-infobox-content\">\n\t\t\t<div class='uabb-infobox-title-wrap'><h3 class=\"uabb-infobox-title\">Let\u2019s go<\/h3><\/div>\t\t\t<div class=\"uabb-infobox-text-wrap\">\n\t\t\t\t<div class=\"uabb-infobox-text uabb-text-editor\"><p class=\"translation-block\">Our team looks forward to hearing from you at <a href=\"mailto:planung@zigfred.ch\" target=\"_self\">planung@zigfred.ch\n<\/a>.<\/p>\n<\/div>\t\t\t<\/div>\n\t\t\t\t\t\t<\/div>\t<\/div>\n<\/div>\n\t<\/div>\n<\/div>\n<\/div>\n<\/div>\n\t\t\t<div class=\"fl-col fl-node-su9y0mgj5fcz fl-col-bg-color fl-col-small\" data-node=\"su9y0mgj5fcz\">\n\t<div class=\"fl-col-content fl-node-content\"><div class=\"fl-module fl-module-uabb-photo fl-node-oh9qpuy38ed6\" data-node=\"oh9qpuy38ed6\">\n\t<div class=\"fl-module-content fl-node-content\">\n\t\t<div class=\"uabb-module-content uabb-photouabb-photo-align-center uabb-photo-mob-align-center\" itemscope itemtype=\"https:\/\/schema.org\/ImageObject\">\n\t<div class=\"uabb-photo-content\">\n\n\t\t\t\t<img decoding=\"async\" width=\"1536\" height=\"217\" class=\"uabb-photo-img wp-image-3245\" src=\"http:\/\/zigfred.ch\/wp-content\/uploads\/2025\/01\/home-assistant-wordmark-color-on-light-1536x217.png\" alt=\"home-assistant-wordmark-color-on-light\" title=\"home-assistant-wordmark-color-on-light\" itemprop=\"image\" srcset=\"https:\/\/www.zigfred.ch\/wp-content\/uploads\/2025\/01\/home-assistant-wordmark-color-on-light-1536x217.png 1536w, https:\/\/www.zigfred.ch\/wp-content\/uploads\/2025\/01\/home-assistant-wordmark-color-on-light-300x42.png 300w, https:\/\/www.zigfred.ch\/wp-content\/uploads\/2025\/01\/home-assistant-wordmark-color-on-light-1024x144.png 1024w, https:\/\/www.zigfred.ch\/wp-content\/uploads\/2025\/01\/home-assistant-wordmark-color-on-light-768x108.png 768w, https:\/\/www.zigfred.ch\/wp-content\/uploads\/2025\/01\/home-assistant-wordmark-color-on-light-2048x289.png 2048w, https:\/\/www.zigfred.ch\/wp-content\/uploads\/2025\/01\/home-assistant-wordmark-color-on-light-18x3.png 18w, https:\/\/www.zigfred.ch\/wp-content\/uploads\/2025\/01\/home-assistant-wordmark-color-on-light-600x85.png 600w\" sizes=\"(max-width: 1536px) 100vw, 1536px\" \/>\n\n\t\t\t\t\t<\/div>\n\t<\/div>\n\t<\/div>\n<\/div>\n<div class=\"fl-module fl-module-uabb-photo fl-node-wbj49veayt2h\" data-node=\"wbj49veayt2h\">\n\t<div class=\"fl-module-content fl-node-content\">\n\t\t<div class=\"uabb-module-content uabb-photouabb-photo-align-center uabb-photo-mob-align-center\" itemscope itemtype=\"https:\/\/schema.org\/ImageObject\">\n\t<div class=\"uabb-photo-content\">\n\n\t\t\t\t<img decoding=\"async\" class=\"uabb-photo-img wp-image-1905\" src=\"https:\/\/www.zigfred.ch\/wp-content\/uploads\/bb-plugin\/cache\/ZIG_WEB_Mood_T_02_211021-scaled-square.jpg\" alt=\"ZIG_WEB_Mood_T_02_211021\" title=\"ZIG_WEB_Mood_T_02_211021\" itemprop=\"image\"  \/>\n\n\t\t\t\t\t<\/div>\n\t<\/div>\n\t<\/div>\n<\/div>\n<\/div>\n<\/div>\n\t<\/div>\n\t\t<\/div>\n\t<\/div>\n<\/div>\n<\/div><div class=\"uabb-js-breakpoint\" style=\"display: none;\"><\/div>\r\n<!-- \/content --><!-- \/tabs -->","protected":false},"excerpt":{"rendered":"<p>F\u00fcr Endkunden und Bauherren F\u00fcr Elektriker und Baufachpersonen F\u00fcr Nerds und Technikbegeisterte F\u00fcr Endkunden und Bauherren F\u00fcr Elektriker und Baufachpersonen F\u00fcr Nerds und Technikbegeisterte<\/p>","protected":false},"author":4,"featured_media":0,"parent":0,"menu_order":0,"comment_status":"closed","ping_status":"closed","template":"","meta":{"_seopress_robots_primary_cat":"","_seopress_titles_title":"","_seopress_titles_desc":"","_seopress_robots_index":"","_seopress_analysis_target_kw":"","site-sidebar-layout":"default","site-content-layout":"","ast-site-content-layout":"default","site-content-style":"default","site-sidebar-style":"default","ast-global-header-display":"","ast-banner-title-visibility":"","ast-main-header-display":"","ast-hfb-above-header-display":"","ast-hfb-below-header-display":"","ast-hfb-mobile-header-display":"","site-post-title":"disabled","ast-breadcrumbs-content":"","ast-featured-img":"","footer-sml-layout":"","ast-disable-related-posts":"","theme-transparent-header-meta":"default","adv-header-id-meta":"","stick-header-meta":"default","header-above-stick-meta":"","header-main-stick-meta":"","header-below-stick-meta":"","astra-migrate-meta-layouts":"set","ast-page-background-enabled":"default","ast-page-background-meta":{"desktop":{"background-color":"","background-image":"","background-repeat":"repeat","background-position":"center center","background-size":"auto","background-attachment":"scroll","background-type":"","background-media":"","overlay-type":"","overlay-color":"","overlay-opacity":"","overlay-gradient":""},"tablet":{"background-color":"","background-image":"","background-repeat":"repeat","background-position":"center center","background-size":"auto","background-attachment":"scroll","background-type":"","background-media":"","overlay-type":"","overlay-color":"","overlay-opacity":"","overlay-gradient":""},"mobile":{"background-color":"","background-image":"","background-repeat":"repeat","background-position":"center center","background-size":"auto","background-attachment":"scroll","background-type":"","background-media":"","overlay-type":"","overlay-color":"","overlay-opacity":"","overlay-gradient":""}},"ast-content-background-meta":{"desktop":{"background-color":"var(--ast-global-color-5)","background-image":"","background-repeat":"repeat","background-position":"center center","background-size":"auto","background-attachment":"scroll","background-type":"","background-media":"","overlay-type":"","overlay-color":"","overlay-opacity":"","overlay-gradient":""},"tablet":{"background-color":"var(--ast-global-color-5)","background-image":"","background-repeat":"repeat","background-position":"center center","background-size":"auto","background-attachment":"scroll","background-type":"","background-media":"","overlay-type":"","overlay-color":"","overlay-opacity":"","overlay-gradient":""},"mobile":{"background-color":"var(--ast-global-color-5)","background-image":"","background-repeat":"repeat","background-position":"center center","background-size":"auto","background-attachment":"scroll","background-type":"","background-media":"","overlay-type":"","overlay-color":"","overlay-opacity":"","overlay-gradient":""}},"footnotes":""},"class_list":["post-2622","page","type-page","status-publish","hentry"],"_links":{"self":[{"href":"https:\/\/www.zigfred.ch\/en\/wp-json\/wp\/v2\/pages\/2622","targetHints":{"allow":["GET"]}}],"collection":[{"href":"https:\/\/www.zigfred.ch\/en\/wp-json\/wp\/v2\/pages"}],"about":[{"href":"https:\/\/www.zigfred.ch\/en\/wp-json\/wp\/v2\/types\/page"}],"author":[{"embeddable":true,"href":"https:\/\/www.zigfred.ch\/en\/wp-json\/wp\/v2\/users\/4"}],"replies":[{"embeddable":true,"href":"https:\/\/www.zigfred.ch\/en\/wp-json\/wp\/v2\/comments?post=2622"}],"version-history":[{"count":3,"href":"https:\/\/www.zigfred.ch\/en\/wp-json\/wp\/v2\/pages\/2622\/revisions"}],"predecessor-version":[{"id":3251,"href":"https:\/\/www.zigfred.ch\/en\/wp-json\/wp\/v2\/pages\/2622\/revisions\/3251"}],"wp:attachment":[{"href":"https:\/\/www.zigfred.ch\/en\/wp-json\/wp\/v2\/media?parent=2622"}],"curies":[{"name":"wp","href":"https:\/\/api.w.org\/{rel}","templated":true}]}}